{"id":1053,"date":"2019-03-21T18:34:49","date_gmt":"2019-03-21T18:34:49","guid":{"rendered":"http:\/\/xn--darm-ernhrungsberatung-74b.de\/?page_id=1053"},"modified":"2019-04-14T11:49:26","modified_gmt":"2019-04-14T09:49:26","slug":"elementor-1053","status":"publish","type":"page","link":"https:\/\/xn--digest-ernhrungsberatung-zbc.de\/?page_id=1053","title":{"rendered":"AGBs"},"content":{"rendered":"\t\t<div data-elementor-type=\"wp-post\" data-elementor-id=\"1053\" class=\"elementor elementor-1053\">\n\t\t\t\t\t\t<section class=\"elementor-section elementor-top-section elementor-element elementor-element-7c2a50b elementor-section-boxed elementor-section-height-default elementor-section-height-default\" data-id=\"7c2a50b\" data-element_type=\"section\" data-e-type=\"section\">\n\t\t\t\t\t\t<div class=\"elementor-container elementor-column-gap-default\">\n\t\t\t\t\t<div class=\"elementor-column elementor-col-100 elementor-top-column elementor-element elementor-element-7c49985\" data-id=\"7c49985\" data-element_type=\"column\" data-e-type=\"column\">\n\t\t\t<div class=\"elementor-widget-wrap elementor-element-populated\">\n\t\t\t\t\t\t\t<\/div>\n\t\t<\/div>\n\t\t\t\t\t<\/div>\n\t\t<\/section>\n\t\t\t\t<section class=\"elementor-section elementor-top-section elementor-element elementor-element-24c1927 elementor-section-boxed elementor-section-height-default elementor-section-height-default\" data-id=\"24c1927\" data-element_type=\"section\" data-e-type=\"section\">\n\t\t\t\t\t\t<div class=\"elementor-container elementor-column-gap-default\">\n\t\t\t\t\t<div class=\"elementor-column elementor-col-25 elementor-top-column elementor-element elementor-element-947499a\" data-id=\"947499a\" data-element_type=\"column\" data-e-type=\"column\">\n\t\t\t<div class=\"elementor-widget-wrap elementor-element-populated\">\n\t\t\t\t\t\t\t<\/div>\n\t\t<\/div>\n\t\t\t\t<div class=\"elementor-column elementor-col-25 elementor-top-column elementor-element elementor-element-1a0bf81\" data-id=\"1a0bf81\" data-element_type=\"column\" data-e-type=\"column\">\n\t\t\t<div class=\"elementor-widget-wrap elementor-element-populated\">\n\t\t\t\t\t\t<div class=\"elementor-element elementor-element-83db2de elementor-widget elementor-widget-text-editor\" data-id=\"83db2de\" data-element_type=\"widget\" data-e-type=\"widget\" data-widget_type=\"text-editor.default\">\n\t\t\t\t<div class=\"elementor-widget-container\">\n\t\t\t\t\t\t\t\t\t<p style=\"text-align: justify;\"><span style=\"color: #000000;\"><b><span style=\"font-size: 7pt; font-family: 'Roboto Slab', serif;\">Allgemeine Gesch\u00e4ftsbedingungen (AGB)\u00a0<\/span><\/b><b><span style=\"font-size: 7pt; font-family: 'Roboto Slab', serif;\">f\u00fcr die Erbringung von Beratungsleistungen durch die zertifizierte Ern\u00e4hrungs- und Darmfachberaterin Kerstin Juratha.<\/span><\/b><\/span><\/p><p style=\"text-align: justify; font-variant-ligatures: normal; font-variant-caps: normal;\"><span style=\"font-size: 7pt; font-family: 'Roboto Slab', serif; color: #000000;\">Die ganzheitliche Ern\u00e4hrungsberatung erfolgt mittels individueller, gesundheitsorientierter Beratungsleistung gem\u00e4\u00df diesen Allgemeinen Gesch\u00e4ftsbedingungen (AGB), in Form von Information, Beratung und Schulung zur Nahrungsauswahl und Zubereitung von Kerstin Juratha, im folgenden Beraterin genannt. Mit der Reservierung oder Beauftragung gelten diese Bedingungen vom Auftraggeber, im folgenden Klienten genannt, als angenommen.<\/span><\/p><p style=\"margin-bottom: 6.0pt; text-align: justify; font-variant-ligatures: normal; font-variant-caps: normal;\"><span style=\"color: #000000;\"><b><span style=\"font-size: 7pt; font-family: 'Roboto Slab', serif;\">\u00a71 Beratungsleistung<\/span><\/b><\/span><\/p><p style=\"margin-bottom: 6.0pt; text-align: justify; font-variant-ligatures: normal; font-variant-caps: normal;\"><span style=\"font-size: 7pt; font-family: 'Roboto Slab', serif; color: #000000;\">Die Beratungsleistung wird auf Basis einer Zertifizierung zur Ganzheitlichen ERN\u00c4HRUNGSBERATERIN erbracht. Diese Beratungsleistung stellt keine medizinischen Ratschl\u00e4ge dar und ersetzt keine \u00e4rztliche Behandlung und Therapie.<\/span><\/p><p style=\"text-align: justify; font-variant-ligatures: normal; font-variant-caps: normal;\"><span style=\"font-size: 7pt; font-family: 'Roboto Slab', serif; color: #000000;\"><b>\u00a72 Schweigepflicht<\/b><\/span><\/p><p style=\"text-align: justify; font-variant-ligatures: normal; font-variant-caps: normal;\"><span style=\"font-size: 7pt; font-family: 'Roboto Slab', serif; color: #000000;\">Die Beraterin ist der absoluten Schweigepflicht unterworfen, Die Pflicht zur Vertraulichkeit besteht auch \u00fcber die Beendigung der Ern\u00e4hrungsberatung hinaus.<\/span><\/p><p style=\"text-align: justify; font-variant-ligatures: normal; font-variant-caps: normal;\"><span style=\"color: #000000;\"><b><span style=\"font-size: 7pt; font-family: 'Roboto Slab', serif;\">\u00a73 Gegenstand der Ern\u00e4hrungsberatung<\/span><\/b><\/span><\/p><p style=\"text-align: justify; font-variant-ligatures: normal; font-variant-caps: normal;\"><span style=\"font-size: 7pt; font-family: 'Roboto Slab', serif; color: #000000;\">Gegenstand der Ern\u00e4hrungsberatung ist das Erbringen einer Leistung im Sinne einer ganzheitlichen Ern\u00e4hrungsberatung und nicht das Erreichen eines k\u00f6rperlichen Erfolges. Die beauftragten Leistungen gelten als erbracht, wenn die erforderlichen Analysen, Informationen, Beratungen oder Schulungen erfolgt sind. Der Klient verpflichtet sich im eigenen Interesse alle Angaben zur Person, Ern\u00e4hrungsprotokolle und Gesundheitszustand wahrheitsgem\u00e4\u00df und vollst\u00e4ndig zu erbringen.<\/span><\/p><p style=\"text-align: justify; font-variant-ligatures: normal; font-variant-caps: normal;\"><span style=\"font-size: 7pt; font-family: 'Roboto Slab', serif; color: #000000;\"><b>\u00a74 Terminvereinbarung, Anmeldung, Verschiebung und Stornierung<\/b><\/span><\/p><p style=\"text-align: justify; font-variant-ligatures: normal; font-variant-caps: normal;\"><span style=\"color: #000000; font-family: 'Roboto Slab', serif; font-size: 7pt;\">F\u00fcr eine individuelle Ganzheitliche Ern\u00e4hrungsberatung werden Zeit und Ort von der Beraterin und dem Klienten einvernehmlich vereinbart. Vereinbarte Termine sind verbindlich. Der Klient verpflichtet sich zu allen Terminen p\u00fcnktlich zu erscheinen. Absagen oder Termin Verschiebungen k\u00f6nnen telefonisch oder per Mail erfolgen. Terminverschiebungen oder Absagen sind bis sp\u00e4testens 2 Werktage vor dem Termin m\u00f6glich und bis dahin kostenfrei, danach wird das vereinbarte Honorar zu 50% in Rechnung gestellt. Bei Terminabsage bzw. Verschiebung am Tag des Termins, sowie bei Nichterscheinen wird das volle Honorar als Ausfallhonorar f\u00e4llig. F\u00fcr den Fall, dass die Beraterin einen individuellen Termin aus dringlichen Gr\u00fcnden verschieben muss, wird der Klient schnellstm\u00f6glich verst\u00e4ndigt, um einen Ersatztermin anzubieten. Weiter Anspr\u00fcche, insbesondere Schadensanspr\u00fcche gelten nicht.<\/span><\/p><p style=\"margin-bottom: 6.0pt; text-align: justify; font-variant-ligatures: normal; font-variant-caps: normal;\"><span style=\"color: #000000;\"><b><span style=\"font-size: 7pt; font-family: 'Roboto Slab', serif;\">\u00a75 Angebote, Honorare, Erstattung und Zahlungsbedingungen<\/span><\/b><\/span><\/p><p style=\"margin-bottom: 6.0pt; text-align: justify; font-variant-ligatures: normal; font-variant-caps: normal;\"><span style=\"font-size: 7pt; font-family: 'Roboto Slab', serif; color: #000000;\">Angebote sind freibleibend, \u00c4nderungen sind vorbehalten.<\/span><\/p><p class=\"MsoNormal\" style=\"text-align: justify;\"><span style=\"font-size: 7pt; line-height: 107%; font-family: 'Roboto Slab', serif; color: #000000;\">\u00a0<\/span><\/p>\t\t\t\t\t\t\t\t<\/div>\n\t\t\t\t<\/div>\n\t\t\t\t\t<\/div>\n\t\t<\/div>\n\t\t\t\t<div class=\"elementor-column elementor-col-25 elementor-top-column elementor-element elementor-element-563b389\" data-id=\"563b389\" data-element_type=\"column\" data-e-type=\"column\">\n\t\t\t<div class=\"elementor-widget-wrap elementor-element-populated\">\n\t\t\t\t\t\t<div class=\"elementor-element elementor-element-3c45a50 elementor-widget elementor-widget-text-editor\" data-id=\"3c45a50\" data-element_type=\"widget\" data-e-type=\"widget\" data-widget_type=\"text-editor.default\">\n\t\t\t\t<div class=\"elementor-widget-container\">\n\t\t\t\t\t\t\t\t\t<p>\u00a0<\/p><p style=\"margin: 0cm 0cm 0.0001pt; text-align: justify; background-image: initial; background-position: initial; background-size: initial; background-repeat: initial; background-attachment: initial; background-origin: initial; background-clip: initial;\"><span style=\"color: #ffffff; font-family: 'Roboto Slab', serif; font-size: 7pt;\"><b>aa aaa<\/b><\/span><\/p><p style=\"margin: 0cm 0cm 0.0001pt; text-align: justify; background-image: initial; background-position: initial; background-size: initial; background-repeat: initial; background-attachment: initial; background-origin: initial; background-clip: initial;\"><span style=\"color: #000000; font-family: 'Roboto Slab', serif; font-size: 7pt;\">\u00a0<\/span><\/p><p style=\"margin: 0cm 0cm 0.0001pt; text-align: justify; background-image: initial; background-position: initial; background-size: initial; background-repeat: initial; background-attachment: initial; background-origin: initial; background-clip: initial;\"><span style=\"color: #000000; font-family: 'Roboto Slab', serif; font-size: 7pt;\">Es wird darauf hingewiesen, dass der Klient nicht davon ausgehen kann, eine teilweise oder vollst\u00e4ndige Erstattung der Ganzheitlichen Ern\u00e4hrungsberatung von der gesetzlichen oder privaten Krankenkasse zu erhalten.<\/span><\/p><p style=\"margin: 0cm 0cm 0.0001pt; text-align: justify; background-image: initial; background-position: initial; background-size: initial; background-repeat: initial; background-attachment: initial; background-origin: initial; background-clip: initial; font-variant-ligatures: normal; font-variant-caps: normal;\"><span style=\"font-size: 7pt; font-family: 'Roboto Slab', serif; color: #000000; padding: 0cm; border: 1pt none windowtext;\">Die erste Beratung ist in bar zu bezahlen. Beratungshonorar f\u00fcr weitere vereinbarte Termine und l\u00e4ngere Beratung am Telefon, werden jeweils im Anschluss in Rechnung gestellt und sind sofort f\u00e4llig. Zahlungen sind ohne Abzug innerhalb von 7 Tagen auf das Konto der Beraterin zu leisten.<\/span><\/p><p style=\"margin: 0cm 0cm 0.0001pt; text-align: justify; background-image: initial; background-position: initial; background-size: initial; background-repeat: initial; background-attachment: initial; background-origin: initial; background-clip: initial; font-variant-ligatures: normal; font-variant-caps: normal;\"><span style=\"font-size: 7pt; font-family: 'Roboto Slab', serif; color: #000000; padding: 0cm; border: 1pt none windowtext;\">Die Kontoverbindung wird auf der Rechnung mitgeteilt. Alternativ ist eine Barzahlung m\u00f6glich. Kommt ein Klient in Zahlungsverzug, so gelten f\u00fcr jedes Mahnschreiben 5,00\u20ac Mahngeb\u00fchr. Gerichtsstand ist M\u00fcnchen.<\/span><\/p><p style=\"margin: 0cm 0cm 0.0001pt; text-align: justify; background-image: initial; background-position: initial; background-size: initial; background-repeat: initial; background-attachment: initial; background-origin: initial; background-clip: initial;\"><span style=\"font-size: 7pt; font-family: 'Roboto Slab', serif; color: #000000;\">\u00a0<\/span><\/p><p style=\"margin: 0cm 0cm 0.0001pt; background-image: initial; background-position: initial; background-size: initial; background-repeat: initial; background-attachment: initial; background-origin: initial; background-clip: initial; font-variant-ligatures: normal; font-variant-caps: normal;\"><span style=\"color: #000000;\"><b><span style=\"font-size: 7pt; font-family: 'Roboto Slab', serif; padding: 0cm; border: 1pt none windowtext;\">\u00a76 Urheberrechte<\/span><\/b><\/span><\/p><p style=\"margin: 0cm 0cm 0.0001pt; background-image: initial; background-position: initial; background-size: initial; background-repeat: initial; background-attachment: initial; background-origin: initial; background-clip: initial;\"><span style=\"font-size: 7pt; font-family: 'Roboto Slab', serif; color: #000000;\">\u00a0<\/span><\/p><p style=\"margin: 0cm 0cm 0.0001pt; text-align: justify; background-image: initial; background-position: initial; background-size: initial; background-repeat: initial; background-attachment: initial; background-origin: initial; background-clip: initial; font-variant-ligatures: normal; font-variant-caps: normal;\"><span style=\"font-size: 7pt; font-family: 'Roboto Slab', serif; color: #000000; padding: 0cm; border: 1pt none windowtext;\">Beratungskonzepte und Inhalte zur individuellen Ganzheitlichen Ern\u00e4hrungsberatung, sowie s\u00e4mtliche Inhalte von Informationsveranstaltungen sind nach dem Urheberrecht gesch\u00fctzt.<\/span><\/p><p style=\"margin: 0cm 0cm 0.0001pt; text-align: justify; background-image: initial; background-position: initial; background-size: initial; background-repeat: initial; background-attachment: initial; background-origin: initial; background-clip: initial; font-variant-ligatures: normal; font-variant-caps: normal;\"><span style=\"font-size: 7pt; font-family: 'Roboto Slab', serif; color: #000000; padding: 0cm; border: 1pt none windowtext;\">Alle den Klienten ausgeh\u00e4ndigten oder ihnen zug\u00e4nglich gemachten Unterlagen sind ausschlie\u00dflich f\u00fcr den pers\u00f6nlichen Gebrauch bestimmt. Klienten erhalten hierauf ein ausschlie\u00dfliches und nicht \u00fcbertragbares Nutzungsrecht. Klienten ist es nicht gestattet, Unterlagen oder Teile daraus zu vervielf\u00e4ltigen und\/oder Dritten zug\u00e4nglich zu machen. Eine Ver\u00f6ffentlichung ist untersagt \u2013 auch auszugsweise- und kann strafrechtlich verfolgt werden.<\/span><\/p><p style=\"margin: 0cm 0cm 0.0001pt; text-align: justify; background-image: initial; background-position: initial; background-size: initial; background-repeat: initial; background-attachment: initial; background-origin: initial; background-clip: initial;\"><span style=\"font-size: 7pt; font-family: 'Roboto Slab', serif; color: #000000; padding: 0cm; border: 1pt none windowtext;\">\u00a0<\/span><\/p><p style=\"margin: 0cm 0cm 0.0001pt; background-image: initial; background-position: initial; background-size: initial; background-repeat: initial; background-attachment: initial; background-origin: initial; background-clip: initial;\"><span style=\"color: #000000;\"><b><span style=\"font-size: 7pt; font-family: 'Roboto Slab', serif; padding: 0cm; border: 1pt none windowtext;\">\u00a77 Gew\u00e4hrleistung und Haftung<\/span><\/b><\/span><\/p><p style=\"margin: 0cm 0cm 0.0001pt; background-image: initial; background-position: initial; background-size: initial; background-repeat: initial; background-attachment: initial; background-origin: initial; background-clip: initial;\"><span style=\"font-size: 7pt; font-family: 'Roboto Slab', serif; color: #000000;\">\u00a0<\/span><span style=\"color: #000000; font-family: 'Roboto Slab', serif; font-size: 7pt; text-align: justify;\">Die Beraterin ist bem\u00fcht, ihre Informations-\/ Schulungs- und Beratungsleistung mit gr\u00f6\u00dfter Sorgfalt und nach bestem Wissen und Gewissen durchzuf\u00fchren. Eine Gew\u00e4hrleistung f\u00fcr die Richtigkeit und Vollst\u00e4ndigkeit von Informationen, Empfehlungen und ausgeh\u00e4ndigte oder zug\u00e4nglich gemachte Materialien wird nicht \u00fcbernommen.<\/span><\/p><p style=\"margin: 0cm 0cm 0.0001pt; text-align: justify; background-image: initial; background-position: initial; background-size: initial; background-repeat: initial; background-attachment: initial; background-origin: initial; background-clip: initial; font-variant-ligatures: normal; font-variant-caps: normal;\"><span style=\"font-size: 7pt; font-family: 'Roboto Slab', serif; color: #000000; padding: 0cm; border: 1pt none windowtext;\">Der Erfolg einer Ganzheitlichen Ern\u00e4hrung liegt zum gro\u00dfen Teil au\u00dferhalb des Einflussbereiches der Beraterin und h\u00e4ngt wesentlich von der Mitarbeit des Klienten ab. Somit kann f\u00fcr einen Erfolg nicht garantiert werden.<\/span><\/p><p style=\"margin: 0cm 0cm 0.0001pt; text-align: justify; background-image: initial; background-position: initial; background-size: initial; background-repeat: initial; background-attachment: initial; background-origin: initial; background-clip: initial; font-variant-ligatures: normal; font-variant-caps: normal;\"><span style=\"font-size: 7pt; font-family: 'Roboto Slab', serif; color: #000000; padding: 0cm; border: 1pt none windowtext;\">Der Klient best\u00e4tigt mit der Terminvereinbarung selbstverantwortlich zu handeln und die Beraterin von s\u00e4mtlichen Haftungsanspr\u00fcchen freizustellen. Klienten erkennen an, f\u00fcr ihre k\u00f6rperliche und psychische Gesundheit in vollem Ma\u00dfe selbstverantwortlich zu sein und f\u00fcr eventuelle Sch\u00e4den und Folgesch\u00e4den selbst aufzukommen.<\/span><\/p><p style=\"margin: 0cm 0cm 0.0001pt; text-align: justify; background-image: initial; background-position: initial; background-size: initial; background-repeat: initial; background-attachment: initial; background-origin: initial; background-clip: initial;\"><span style=\"font-size: 7pt; font-family: 'Roboto Slab', serif; color: #000000;\">\u00a0<\/span><\/p><p style=\"margin: 0cm 0cm 0.0001pt; background-image: initial; background-position: initial; background-size: initial; background-repeat: initial; background-attachment: initial; background-origin: initial; background-clip: initial; font-variant-ligatures: normal; font-variant-caps: normal;\"><span style=\"color: #000000;\"><b><span style=\"font-size: 7pt; font-family: 'Roboto Slab', serif; padding: 0cm; border: 1pt none windowtext;\">\u00a78 Schlussbestimmung<\/span><\/b><\/span><\/p><p style=\"margin: 0cm 0cm 0.0001pt; background-image: initial; background-position: initial; background-size: initial; background-repeat: initial; background-attachment: initial; background-origin: initial; background-clip: initial;\"><span style=\"font-size: 7pt; font-family: 'Roboto Slab', serif; color: #000000;\">\u00a0<\/span><\/p><p style=\"margin: 0cm 0cm 0.0001pt; background-image: initial; background-position: initial; background-size: initial; background-repeat: initial; background-attachment: initial; background-origin: initial; background-clip: initial; font-variant-ligatures: normal; font-variant-caps: normal;\"><span style=\"font-size: 7pt; font-family: 'Roboto Slab', serif; color: #000000; padding: 0cm; border: 1pt none windowtext;\">\u00c4nderungen und Erg\u00e4nzungen dieses Vertrags bed\u00fcrfen der zu ihrer Wirksamkeit der Schriftform. M\u00fcndliche Nebenabreden bestehen nicht.<\/span><\/p>\t\t\t\t\t\t\t\t<\/div>\n\t\t\t\t<\/div>\n\t\t\t\t\t<\/div>\n\t\t<\/div>\n\t\t\t\t<div class=\"elementor-column elementor-col-25 elementor-top-column elementor-element elementor-element-67e5284\" data-id=\"67e5284\" data-element_type=\"column\" data-e-type=\"column\">\n\t\t\t<div class=\"elementor-widget-wrap elementor-element-populated\">\n\t\t\t\t\t\t\t<\/div>\n\t\t<\/div>\n\t\t\t\t\t<\/div>\n\t\t<\/section>\n\t\t\t\t<\/div>\n\t\t","protected":false},"excerpt":{"rendered":"<p>Allgemeine Gesch\u00e4ftsbedingungen (AGB)\u00a0f\u00fcr die Erbringung von Beratungsleistungen durch die zertifizierte Ern\u00e4hrungs- und Darmfachberaterin Kerstin Juratha. Die ganzheitliche Ern\u00e4hrungsberatung erfolgt mittels individueller, gesundheitsorientierter Beratungsleistung gem\u00e4\u00df diesen Allgemeinen Gesch\u00e4ftsbedingungen (AGB), in Form von Information, Beratung und Schulung zur Nahrungsauswahl und Zubereitung von Kerstin Juratha, im folgenden Beraterin genannt. Mit der Reservierung oder Beauftragung gelten diese Bedingungen vom [&hellip;]<\/p>\n","protected":false},"author":1,"featured_media":0,"parent":0,"menu_order":0,"comment_status":"closed","ping_status":"closed","template":"","meta":{"ocean_post_layout":"full-screen","ocean_both_sidebars_style":"","ocean_both_sidebars_content_width":0,"ocean_both_sidebars_sidebars_width":0,"ocean_sidebar":"0","ocean_second_sidebar":"0","ocean_disable_margins":"enable","ocean_add_body_class":"","ocean_shortcode_before_top_bar":"","ocean_shortcode_after_top_bar":"","ocean_shortcode_before_header":"","ocean_shortcode_after_header":"","ocean_has_shortcode":"","ocean_shortcode_after_title":"","ocean_shortcode_before_footer_widgets":"","ocean_shortcode_after_footer_widgets":"","ocean_shortcode_before_footer_bottom":"","ocean_shortcode_after_footer_bottom":"","ocean_display_top_bar":"default","ocean_display_header":"default","ocean_header_style":"","ocean_center_header_left_menu":"0","ocean_custom_header_template":"0","ocean_custom_logo":0,"ocean_custom_retina_logo":0,"ocean_custom_logo_max_width":0,"ocean_custom_logo_tablet_max_width":0,"ocean_custom_logo_mobile_max_width":0,"ocean_custom_logo_max_height":0,"ocean_custom_logo_tablet_max_height":0,"ocean_custom_logo_mobile_max_height":0,"ocean_header_custom_menu":"0","ocean_menu_typo_font_family":"0","ocean_menu_typo_font_subset":"","ocean_menu_typo_font_size":0,"ocean_menu_typo_font_size_tablet":0,"ocean_menu_typo_font_size_mobile":0,"ocean_menu_typo_font_size_unit":"px","ocean_menu_typo_font_weight":"","ocean_menu_typo_font_weight_tablet":"","ocean_menu_typo_font_weight_mobile":"","ocean_menu_typo_transform":"","ocean_menu_typo_transform_tablet":"","ocean_menu_typo_transform_mobile":"","ocean_menu_typo_line_height":0,"ocean_menu_typo_line_height_tablet":0,"ocean_menu_typo_line_height_mobile":0,"ocean_menu_typo_line_height_unit":"","ocean_menu_typo_spacing":0,"ocean_menu_typo_spacing_tablet":0,"ocean_menu_typo_spacing_mobile":0,"ocean_menu_typo_spacing_unit":"","ocean_menu_link_color":"","ocean_menu_link_color_hover":"","ocean_menu_link_color_active":"","ocean_menu_link_background":"","ocean_menu_link_hover_background":"","ocean_menu_link_active_background":"","ocean_menu_social_links_bg":"","ocean_menu_social_hover_links_bg":"","ocean_menu_social_links_color":"","ocean_menu_social_hover_links_color":"","ocean_disable_title":"default","ocean_disable_heading":"default","ocean_post_title":"","ocean_post_subheading":"","ocean_post_title_style":"","ocean_post_title_background_color":"","ocean_post_title_background":0,"ocean_post_title_bg_image_position":"","ocean_post_title_bg_image_attachment":"","ocean_post_title_bg_image_repeat":"","ocean_post_title_bg_image_size":"","ocean_post_title_height":0,"ocean_post_title_bg_overlay":0.5,"ocean_post_title_bg_overlay_color":"","ocean_disable_breadcrumbs":"default","ocean_breadcrumbs_color":"","ocean_breadcrumbs_separator_color":"","ocean_breadcrumbs_links_color":"","ocean_breadcrumbs_links_hover_color":"","ocean_display_footer_widgets":"default","ocean_display_footer_bottom":"default","ocean_custom_footer_template":"0","footnotes":""},"class_list":["post-1053","page","type-page","status-publish","hentry","entry"],"_links":{"self":[{"href":"https:\/\/xn--digest-ernhrungsberatung-zbc.de\/index.php?rest_route=\/wp\/v2\/pages\/1053","targetHints":{"allow":["GET"]}}],"collection":[{"href":"https:\/\/xn--digest-ernhrungsberatung-zbc.de\/index.php?rest_route=\/wp\/v2\/pages"}],"about":[{"href":"https:\/\/xn--digest-ernhrungsberatung-zbc.de\/index.php?rest_route=\/wp\/v2\/types\/page"}],"author":[{"embeddable":true,"href":"https:\/\/xn--digest-ernhrungsberatung-zbc.de\/index.php?rest_route=\/wp\/v2\/users\/1"}],"replies":[{"embeddable":true,"href":"https:\/\/xn--digest-ernhrungsberatung-zbc.de\/index.php?rest_route=%2Fwp%2Fv2%2Fcomments&post=1053"}],"version-history":[{"count":15,"href":"https:\/\/xn--digest-ernhrungsberatung-zbc.de\/index.php?rest_route=\/wp\/v2\/pages\/1053\/revisions"}],"predecessor-version":[{"id":1184,"href":"https:\/\/xn--digest-ernhrungsberatung-zbc.de\/index.php?rest_route=\/wp\/v2\/pages\/1053\/revisions\/1184"}],"wp:attachment":[{"href":"https:\/\/xn--digest-ernhrungsberatung-zbc.de\/index.php?rest_route=%2Fwp%2Fv2%2Fmedia&parent=1053"}],"curies":[{"name":"wp","href":"https:\/\/api.w.org\/{rel}","templated":true}]}}