{"id":1206,"date":"2019-11-02T12:28:12","date_gmt":"2019-11-02T11:28:12","guid":{"rendered":"https:\/\/xn--digest-ernhrungsberatung-zbc.de\/?page_id=1206"},"modified":"2025-02-18T21:07:58","modified_gmt":"2025-02-18T20:07:58","slug":"zellcheck","status":"publish","type":"page","link":"https:\/\/xn--digest-ernhrungsberatung-zbc.de\/?page_id=1206","title":{"rendered":"Zell-Check\u00aeMessung"},"content":{"rendered":"\t\t<div data-elementor-type=\"wp-page\" data-elementor-id=\"1206\" class=\"elementor elementor-1206\">\n\t\t\t\t\t\t<section class=\"elementor-section elementor-top-section elementor-element elementor-element-11312e4 elementor-section-boxed elementor-section-height-default elementor-section-height-default\" data-id=\"11312e4\" data-element_type=\"section\" data-e-type=\"section\">\n\t\t\t\t\t\t<div class=\"elementor-container elementor-column-gap-default\">\n\t\t\t\t\t<div class=\"elementor-column elementor-col-100 elementor-top-column elementor-element elementor-element-d1198c8\" data-id=\"d1198c8\" data-element_type=\"column\" data-e-type=\"column\">\n\t\t\t<div class=\"elementor-widget-wrap elementor-element-populated\">\n\t\t\t\t\t\t<div class=\"elementor-element elementor-element-ad8650d elementor-widget elementor-widget-text-editor\" data-id=\"ad8650d\" data-element_type=\"widget\" data-e-type=\"widget\" data-widget_type=\"text-editor.default\">\n\t\t\t\t<div class=\"elementor-widget-container\">\n\t\t\t\t\t\t\t\t\t<p style=\"font-variant-ligatures: normal; font-variant-caps: normal; font-family: 'Roboto Slab'; font-size: 15px; font-style: normal; font-weight: 400;\"><span style=\"font-size: 15px; color: #000000;\">Der Zell-Check -Spektrometer ist eine revolution\u00e4re Technik, die in Echtzeit eine pr\u00e4zise Analyse von Mineralm\u00e4ngeln und toxischen Schwermetall\u00fcbersch\u00fcssen im Gewebe erstellt.\u00a0<\/span><span style=\"font-size: 15px; color: #000000;\">Die Methode wurde bereits in den 1930ern entwickelt und mit einem Nobelpreis ausgezeichnet.<\/span><\/p><p style=\"font-variant-ligatures: normal; font-variant-caps: normal; font-family: 'Roboto Slab'; font-size: 15px; font-style: normal; font-weight: 400;\"><span style=\"font-size: 15px; color: #000000;\">Das Prinzip funktioniert wie folgt:<\/span><\/p><p style=\"font-variant-ligatures: normal; font-variant-caps: normal; font-family: 'Roboto Slab'; font-size: 15px; font-style: normal; font-weight: 400;\"><span style=\"font-size: 15px; color: #000000;\">Jede chemische Verbindung absorbiert, reflektiert oder gibt Licht in einer bestimmten Wellenl\u00e4nge ab. Je h\u00f6her die Konzentration der Probe, desto mehr Licht absorbiert diese gem\u00e4\u00df dem Lambert-Beerschen Gesetzes.<\/span><\/p>\t\t\t\t\t\t\t\t<\/div>\n\t\t\t\t<\/div>\n\t\t\t\t\t<\/div>\n\t\t<\/div>\n\t\t\t\t\t<\/div>\n\t\t<\/section>\n\t\t\t\t<section class=\"elementor-section elementor-top-section elementor-element elementor-element-d21c5d3 elementor-section-boxed elementor-section-height-default elementor-section-height-default\" data-id=\"d21c5d3\" data-element_type=\"section\" data-e-type=\"section\">\n\t\t\t\t\t\t<div class=\"elementor-container elementor-column-gap-default\">\n\t\t\t\t\t<div class=\"elementor-column elementor-col-50 elementor-top-column elementor-element elementor-element-3b50901\" data-id=\"3b50901\" data-element_type=\"column\" data-e-type=\"column\">\n\t\t\t<div class=\"elementor-widget-wrap elementor-element-populated\">\n\t\t\t\t\t\t<div class=\"elementor-element elementor-element-0d03511 elementor-widget elementor-widget-text-editor\" data-id=\"0d03511\" data-element_type=\"widget\" data-e-type=\"widget\" data-widget_type=\"text-editor.default\">\n\t\t\t\t<div class=\"elementor-widget-container\">\n\t\t\t\t\t\t\t\t\t<p><span style=\"color: #000000; font-size: 15px;\">Blutanalysen sind wichtig, aber wissen wir denn auch was tats\u00e4chlich in der Zelle ankommt?\u00a0<\/span><\/p><p style=\"font-variant-ligatures: normal; font-variant-caps: normal; font-family: 'Roboto Slab'; font-size: 15px; font-style: normal; font-weight: 400;\"><span style=\"font-size: 15px; color: #000000;\"><span style=\"font-size: 15px; font-weight: bold;\">Der Zell-Check bietet:\u00a0<\/span><\/span><\/p><ul style=\"font-variant-ligatures: normal; font-variant-caps: normal; font-family: 'Roboto Slab'; font-size: 15px; font-style: normal; font-weight: 400;\"><li style=\"font-size: 15px;\"><span style=\"font-size: 15px; color: #000000;\">Messung von Mineralstoffen und Schwermetallbelastung in der Zelle\u00a0<\/span><\/li><li style=\"font-size: 15px;\"><span style=\"font-size: 15px; color: #000000;\">Oxidativer Stress und Schutz erstmals messbar\u00a0<\/span><\/li><li style=\"font-size: 15px;\"><span style=\"font-size: 15px; color: #000000;\">nicht-invasive Analyse in Echtzeit\u00a0<\/span><\/li><li style=\"font-size: 15px;\"><span style=\"font-size: 15px; color: #000000;\">ein ganzheitliches Konzept f\u00fcr die Gesundheit\u00a0<\/span><\/li><\/ul><p style=\"font-variant-ligatures: normal; font-variant-caps: normal; font-family: 'Roboto Slab'; font-size: 15px; font-style: normal; font-weight: 400;\"><span style=\"font-size: 15px; color: #000000;\">Vital-Stoff-Check!\u00a0 ohne Blutentnahme-Ergebnis in wenigen Sekunden !!!\u00a0<\/span><\/p><p><img decoding=\"async\" class=\" wp-image-1443 aligncenter\" src=\"https:\/\/xn--digest-ernhrungsberatung-zbc.de\/wp-content\/uploads\/2020\/09\/Logo_Zell-Check-300x88.png\" alt=\"\" width=\"192\" height=\"56\" srcset=\"https:\/\/xn--digest-ernhrungsberatung-zbc.de\/wp-content\/uploads\/2020\/09\/Logo_Zell-Check-300x88.png 300w, https:\/\/xn--digest-ernhrungsberatung-zbc.de\/wp-content\/uploads\/2020\/09\/Logo_Zell-Check.png 327w\" sizes=\"(max-width: 192px) 100vw, 192px\" \/><\/p>\t\t\t\t\t\t\t\t<\/div>\n\t\t\t\t<\/div>\n\t\t\t\t\t<\/div>\n\t\t<\/div>\n\t\t\t\t<div class=\"elementor-column elementor-col-50 elementor-top-column elementor-element elementor-element-9fab4cd\" data-id=\"9fab4cd\" data-element_type=\"column\" data-e-type=\"column\">\n\t\t\t<div class=\"elementor-widget-wrap elementor-element-populated\">\n\t\t\t\t\t\t<div class=\"elementor-element elementor-element-80ae437 elementor-widget elementor-widget-image\" data-id=\"80ae437\" data-element_type=\"widget\" data-e-type=\"widget\" data-widget_type=\"image.default\">\n\t\t\t\t<div class=\"elementor-widget-container\">\n\t\t\t\t\t\t\t\t\t\t\t\t\t\t\t<img fetchpriority=\"high\" decoding=\"async\" width=\"800\" height=\"533\" src=\"https:\/\/xn--digest-ernhrungsberatung-zbc.de\/wp-content\/uploads\/2019\/11\/zell-check-2.0_messung__.jpg\" class=\"attachment-large size-large wp-image-1248\" alt=\"\" srcset=\"https:\/\/xn--digest-ernhrungsberatung-zbc.de\/wp-content\/uploads\/2019\/11\/zell-check-2.0_messung__.jpg 800w, https:\/\/xn--digest-ernhrungsberatung-zbc.de\/wp-content\/uploads\/2019\/11\/zell-check-2.0_messung__-300x200.jpg 300w, https:\/\/xn--digest-ernhrungsberatung-zbc.de\/wp-content\/uploads\/2019\/11\/zell-check-2.0_messung__-768x512.jpg 768w\" sizes=\"(max-width: 800px) 100vw, 800px\" \/>\t\t\t\t\t\t\t\t\t\t\t\t\t\t\t<\/div>\n\t\t\t\t<\/div>\n\t\t\t\t\t<\/div>\n\t\t<\/div>\n\t\t\t\t\t<\/div>\n\t\t<\/section>\n\t\t\t\t<section class=\"elementor-section elementor-top-section elementor-element elementor-element-2012f11 elementor-section-boxed elementor-section-height-default elementor-section-height-default\" data-id=\"2012f11\" data-element_type=\"section\" data-e-type=\"section\">\n\t\t\t\t\t\t<div class=\"elementor-container elementor-column-gap-default\">\n\t\t\t\t\t<div class=\"elementor-column elementor-col-100 elementor-top-column elementor-element elementor-element-5ce24d2\" data-id=\"5ce24d2\" data-element_type=\"column\" data-e-type=\"column\">\n\t\t\t<div class=\"elementor-widget-wrap elementor-element-populated\">\n\t\t\t\t\t\t<div class=\"elementor-element elementor-element-7fedbe0 elementor-widget elementor-widget-spacer\" data-id=\"7fedbe0\" data-element_type=\"widget\" data-e-type=\"widget\" data-widget_type=\"spacer.default\">\n\t\t\t\t<div class=\"elementor-widget-container\">\n\t\t\t\t\t\t\t<div class=\"elementor-spacer\">\n\t\t\t<div class=\"elementor-spacer-inner\"><\/div>\n\t\t<\/div>\n\t\t\t\t\t\t<\/div>\n\t\t\t\t<\/div>\n\t\t\t\t<div class=\"elementor-element elementor-element-8d49c95 elementor-widget elementor-widget-text-editor\" data-id=\"8d49c95\" data-element_type=\"widget\" data-e-type=\"widget\" data-widget_type=\"text-editor.default\">\n\t\t\t\t<div class=\"elementor-widget-container\">\n\t\t\t\t\t\t\t\t\t<hr \/><p>\u00a0<\/p>\t\t\t\t\t\t\t\t<\/div>\n\t\t\t\t<\/div>\n\t\t\t\t\t<\/div>\n\t\t<\/div>\n\t\t\t\t\t<\/div>\n\t\t<\/section>\n\t\t\t\t<section class=\"elementor-section elementor-top-section elementor-element elementor-element-20cb5c6 elementor-section-boxed elementor-section-height-default elementor-section-height-default\" data-id=\"20cb5c6\" data-element_type=\"section\" data-e-type=\"section\">\n\t\t\t\t\t\t<div class=\"elementor-container elementor-column-gap-default\">\n\t\t\t\t\t<div class=\"elementor-column elementor-col-100 elementor-top-column elementor-element elementor-element-14cac80\" data-id=\"14cac80\" data-element_type=\"column\" data-e-type=\"column\">\n\t\t\t<div class=\"elementor-widget-wrap elementor-element-populated\">\n\t\t\t\t\t\t<section class=\"elementor-section elementor-inner-section elementor-element elementor-element-427696e elementor-section-boxed elementor-section-height-default elementor-section-height-default\" data-id=\"427696e\" data-element_type=\"section\" data-e-type=\"section\">\n\t\t\t\t\t\t<div class=\"elementor-container elementor-column-gap-default\">\n\t\t\t\t\t<div class=\"elementor-column elementor-col-50 elementor-inner-column elementor-element elementor-element-a1ad57e\" data-id=\"a1ad57e\" data-element_type=\"column\" data-e-type=\"column\">\n\t\t\t<div class=\"elementor-widget-wrap elementor-element-populated\">\n\t\t\t\t\t\t<div class=\"elementor-element elementor-element-8baefab elementor-widget elementor-widget-text-editor\" data-id=\"8baefab\" data-element_type=\"widget\" data-e-type=\"widget\" data-widget_type=\"text-editor.default\">\n\t\t\t\t<div class=\"elementor-widget-container\">\n\t\t\t\t\t\t\t\t\t<p><span style=\"font-size: 15px; color: #000000;\"><span style=\"font-size: 15px; font-weight: bold;\">Das Messergebnis:<\/span><\/span><\/p><p><span style=\"color: #000000;\">Die Auswertung des Zell-Checks erhalten Sie in Echtzeit. Der Vitalstoff-Check gibt Ihnen Einblick in die Mineralstoff-Bilanz und beinhaltet R\u00fcckschl\u00fcsse auf Ihren Vitaminhaushalt auf Zellebene.<\/span><\/p><p><span style=\"color: #000000;\">In der Praxis kann der Zell-Check die Menge verschiedener Typen von chemischen Elementen in der Zelle erkennen und messen. Er nutzt Emissionen von charakteristischen Frequenzen der jeweiligen getesteten Chemikalien (Mineralien, Spurenelemente und Schwermetalle).\u00a0<\/span><\/p><p><strong><span style=\"color: #000000;\">Warum ist der Zell-Check so wichtig?\u00a0<\/span><\/strong><\/p><ul><li><span style=\"color: #000000;\">Die Konzentration der Mineralien und Toxischen Metallen werden direkt auf der Zellebene gemessen.<\/span><\/li><li><span style=\"color: #000000;\">Die Messung ist aktuell im Gegensatz zu einer Haaranalyse, bei der die gemessene Konzentration teilweise \u00fcber 6 bis 12 Monate zur\u00fcckliegt.\u00a0<\/span><\/li><li><span style=\"color: #000000;\">Die Messung ist sehr stabil, reproduzierbar und nicht abh\u00e4ngig vom Tageszeitpunkt \u2013 abweichende Messergebnisse ausgeschlossen.\u00a0<\/span><\/li><li><span style=\"color: #000000;\">Durch eine Gegen\u00fcberstellung von Mineralien, Spurenelementen und toxischen Metallen zeigt ein Vitalstoff-Check, welche K\u00f6rpersysteme gef\u00e4hrdet sein k\u00f6nnen.\u00a0<\/span><\/li><\/ul>\t\t\t\t\t\t\t\t<\/div>\n\t\t\t\t<\/div>\n\t\t\t\t\t<\/div>\n\t\t<\/div>\n\t\t\t\t<div class=\"elementor-column elementor-col-50 elementor-inner-column elementor-element elementor-element-75ed512\" data-id=\"75ed512\" data-element_type=\"column\" data-e-type=\"column\">\n\t\t\t<div class=\"elementor-widget-wrap elementor-element-populated\">\n\t\t\t\t\t\t<div class=\"elementor-element elementor-element-a5500a5 elementor-widget elementor-widget-image\" data-id=\"a5500a5\" data-element_type=\"widget\" data-e-type=\"widget\" data-widget_type=\"image.default\">\n\t\t\t\t<div class=\"elementor-widget-container\">\n\t\t\t\t\t\t\t\t\t\t\t\t\t\t\t<img decoding=\"async\" width=\"623\" height=\"891\" src=\"https:\/\/xn--digest-ernhrungsberatung-zbc.de\/wp-content\/uploads\/2020\/09\/Auswertungbild.jpg\" class=\"attachment-medium_large size-medium_large wp-image-1461\" alt=\"\" srcset=\"https:\/\/xn--digest-ernhrungsberatung-zbc.de\/wp-content\/uploads\/2020\/09\/Auswertungbild.jpg 623w, https:\/\/xn--digest-ernhrungsberatung-zbc.de\/wp-content\/uploads\/2020\/09\/Auswertungbild-210x300.jpg 210w\" sizes=\"(max-width: 623px) 100vw, 623px\" \/>\t\t\t\t\t\t\t\t\t\t\t\t\t\t\t<\/div>\n\t\t\t\t<\/div>\n\t\t\t\t\t<\/div>\n\t\t<\/div>\n\t\t\t\t\t<\/div>\n\t\t<\/section>\n\t\t\t\t\t<\/div>\n\t\t<\/div>\n\t\t\t\t\t<\/div>\n\t\t<\/section>\n\t\t\t\t<section class=\"elementor-section elementor-top-section elementor-element elementor-element-0cdedcd elementor-section-boxed elementor-section-height-default elementor-section-height-default\" data-id=\"0cdedcd\" data-element_type=\"section\" data-e-type=\"section\">\n\t\t\t\t\t\t<div class=\"elementor-container elementor-column-gap-default\">\n\t\t\t\t\t<div class=\"elementor-column elementor-col-100 elementor-top-column elementor-element elementor-element-d3c0dce\" data-id=\"d3c0dce\" data-element_type=\"column\" data-e-type=\"column\">\n\t\t\t<div class=\"elementor-widget-wrap elementor-element-populated\">\n\t\t\t\t\t\t<div class=\"elementor-element elementor-element-0a7ff67 elementor-widget elementor-widget-video\" data-id=\"0a7ff67\" data-element_type=\"widget\" data-e-type=\"widget\" data-settings=\"{&quot;youtube_url&quot;:&quot;https:\\\/\\\/www.youtube.com\\\/watch?v=J8i0c0wseco&quot;,&quot;autoplay&quot;:&quot;yes&quot;,&quot;loop&quot;:&quot;yes&quot;,&quot;video_type&quot;:&quot;youtube&quot;}\" data-widget_type=\"video.default\">\n\t\t\t\t<div class=\"elementor-widget-container\">\n\t\t\t\t\t\t\t<div class=\"elementor-wrapper elementor-open-inline\">\n\t\t\t<div class=\"elementor-video\"><\/div>\t\t<\/div>\n\t\t\t\t\t\t<\/div>\n\t\t\t\t<\/div>\n\t\t\t\t\t<\/div>\n\t\t<\/div>\n\t\t\t\t\t<\/div>\n\t\t<\/section>\n\t\t\t\t<section class=\"elementor-section elementor-top-section elementor-element elementor-element-4443e6a elementor-section-boxed elementor-section-height-default elementor-section-height-default\" data-id=\"4443e6a\" data-element_type=\"section\" data-e-type=\"section\">\n\t\t\t\t\t\t<div class=\"elementor-container elementor-column-gap-default\">\n\t\t\t\t\t<div class=\"elementor-column elementor-col-100 elementor-top-column elementor-element elementor-element-c88a18b\" data-id=\"c88a18b\" data-element_type=\"column\" data-e-type=\"column\">\n\t\t\t<div class=\"elementor-widget-wrap elementor-element-populated\">\n\t\t\t\t\t\t<div class=\"elementor-element elementor-element-56200bb elementor-widget elementor-widget-text-editor\" data-id=\"56200bb\" data-element_type=\"widget\" data-e-type=\"widget\" data-widget_type=\"text-editor.default\">\n\t\t\t\t<div class=\"elementor-widget-container\">\n\t\t\t\t\t\t\t\t\t<p><span style=\"color: #000000;\">Interesse geweckt? Ich freue mich auf Ihre Kontaktaufnahme. Gerne melde ich mich telefonisch bei Ihnen um Ihr Anliegen zu besprechen.<\/span><\/p>\t\t\t\t\t\t\t\t<\/div>\n\t\t\t\t<\/div>\n\t\t\t\t\t<\/div>\n\t\t<\/div>\n\t\t\t\t\t<\/div>\n\t\t<\/section>\n\t\t\t\t<\/div>\n\t\t","protected":false},"excerpt":{"rendered":"<p>Der Zell-Check -Spektrometer ist eine revolution\u00e4re Technik, die in Echtzeit eine pr\u00e4zise Analyse von Mineralm\u00e4ngeln und toxischen Schwermetall\u00fcbersch\u00fcssen im Gewebe erstellt.\u00a0Die Methode wurde bereits in den 1930ern entwickelt und mit einem Nobelpreis ausgezeichnet. Das Prinzip funktioniert wie folgt: Jede chemische Verbindung absorbiert, reflektiert oder gibt Licht in einer bestimmten Wellenl\u00e4nge ab. Je h\u00f6her die Konzentration [&hellip;]<\/p>\n","protected":false},"author":1,"featured_media":0,"parent":0,"menu_order":0,"comment_status":"closed","ping_status":"closed","template":"","meta":{"ocean_post_layout":"full-width","ocean_both_sidebars_style":"","ocean_both_sidebars_content_width":0,"ocean_both_sidebars_sidebars_width":0,"ocean_sidebar":"sidebar-2","ocean_second_sidebar":"0","ocean_disable_margins":"enable","ocean_add_body_class":"","ocean_shortcode_before_top_bar":"","ocean_shortcode_after_top_bar":"","ocean_shortcode_before_header":"","ocean_shortcode_after_header":"","ocean_has_shortcode":"","ocean_shortcode_after_title":"","ocean_shortcode_before_footer_widgets":"","ocean_shortcode_after_footer_widgets":"","ocean_shortcode_before_footer_bottom":"","ocean_shortcode_after_footer_bottom":"","ocean_display_top_bar":"default","ocean_display_header":"default","ocean_header_style":"","ocean_center_header_left_menu":"0","ocean_custom_header_template":"0","ocean_custom_logo":0,"ocean_custom_retina_logo":0,"ocean_custom_logo_max_width":0,"ocean_custom_logo_tablet_max_width":0,"ocean_custom_logo_mobile_max_width":0,"ocean_custom_logo_max_height":0,"ocean_custom_logo_tablet_max_height":0,"ocean_custom_logo_mobile_max_height":0,"ocean_header_custom_menu":"0","ocean_menu_typo_font_family":"0","ocean_menu_typo_font_subset":"","ocean_menu_typo_font_size":0,"ocean_menu_typo_font_size_tablet":0,"ocean_menu_typo_font_size_mobile":0,"ocean_menu_typo_font_size_unit":"px","ocean_menu_typo_font_weight":"","ocean_menu_typo_font_weight_tablet":"","ocean_menu_typo_font_weight_mobile":"","ocean_menu_typo_transform":"","ocean_menu_typo_transform_tablet":"","ocean_menu_typo_transform_mobile":"","ocean_menu_typo_line_height":0,"ocean_menu_typo_line_height_tablet":0,"ocean_menu_typo_line_height_mobile":0,"ocean_menu_typo_line_height_unit":"","ocean_menu_typo_spacing":0,"ocean_menu_typo_spacing_tablet":0,"ocean_menu_typo_spacing_mobile":0,"ocean_menu_typo_spacing_unit":"","ocean_menu_link_color":"","ocean_menu_link_color_hover":"","ocean_menu_link_color_active":"","ocean_menu_link_background":"","ocean_menu_link_hover_background":"","ocean_menu_link_active_background":"","ocean_menu_social_links_bg":"","ocean_menu_social_hover_links_bg":"","ocean_menu_social_links_color":"","ocean_menu_social_hover_links_color":"","ocean_disable_title":"default","ocean_disable_heading":"default","ocean_post_title":"","ocean_post_subheading":"","ocean_post_title_style":"","ocean_post_title_background_color":"","ocean_post_title_background":0,"ocean_post_title_bg_image_position":"","ocean_post_title_bg_image_attachment":"","ocean_post_title_bg_image_repeat":"","ocean_post_title_bg_image_size":"","ocean_post_title_height":0,"ocean_post_title_bg_overlay":0.5,"ocean_post_title_bg_overlay_color":"","ocean_disable_breadcrumbs":"default","ocean_breadcrumbs_color":"","ocean_breadcrumbs_separator_color":"","ocean_breadcrumbs_links_color":"","ocean_breadcrumbs_links_hover_color":"","ocean_display_footer_widgets":"default","ocean_display_footer_bottom":"default","ocean_custom_footer_template":"0","footnotes":""},"class_list":["post-1206","page","type-page","status-publish","hentry","entry"],"_links":{"self":[{"href":"https:\/\/xn--digest-ernhrungsberatung-zbc.de\/index.php?rest_route=\/wp\/v2\/pages\/1206","targetHints":{"allow":["GET"]}}],"collection":[{"href":"https:\/\/xn--digest-ernhrungsberatung-zbc.de\/index.php?rest_route=\/wp\/v2\/pages"}],"about":[{"href":"https:\/\/xn--digest-ernhrungsberatung-zbc.de\/index.php?rest_route=\/wp\/v2\/types\/page"}],"author":[{"embeddable":true,"href":"https:\/\/xn--digest-ernhrungsberatung-zbc.de\/index.php?rest_route=\/wp\/v2\/users\/1"}],"replies":[{"embeddable":true,"href":"https:\/\/xn--digest-ernhrungsberatung-zbc.de\/index.php?rest_route=%2Fwp%2Fv2%2Fcomments&post=1206"}],"version-history":[{"count":23,"href":"https:\/\/xn--digest-ernhrungsberatung-zbc.de\/index.php?rest_route=\/wp\/v2\/pages\/1206\/revisions"}],"predecessor-version":[{"id":1495,"href":"https:\/\/xn--digest-ernhrungsberatung-zbc.de\/index.php?rest_route=\/wp\/v2\/pages\/1206\/revisions\/1495"}],"wp:attachment":[{"href":"https:\/\/xn--digest-ernhrungsberatung-zbc.de\/index.php?rest_route=%2Fwp%2Fv2%2Fmedia&parent=1206"}],"curies":[{"name":"wp","href":"https:\/\/api.w.org\/{rel}","templated":true}]}}