{"id":1210,"date":"2019-11-02T12:27:06","date_gmt":"2019-11-02T11:27:06","guid":{"rendered":"https:\/\/xn--digest-ernhrungsberatung-zbc.de\/?page_id=1210"},"modified":"2020-09-20T19:04:05","modified_gmt":"2020-09-20T17:04:05","slug":"darm-fachberatung","status":"publish","type":"page","link":"https:\/\/xn--digest-ernhrungsberatung-zbc.de\/?page_id=1210","title":{"rendered":"Darm-Fachberatung"},"content":{"rendered":"\t\t<div data-elementor-type=\"wp-page\" data-elementor-id=\"1210\" class=\"elementor elementor-1210\">\n\t\t\t\t\t\t<section class=\"elementor-section elementor-top-section elementor-element elementor-element-af1abad elementor-section-boxed elementor-section-height-default elementor-section-height-default\" data-id=\"af1abad\" data-element_type=\"section\" data-e-type=\"section\">\n\t\t\t\t\t\t<div class=\"elementor-container elementor-column-gap-default\">\n\t\t\t\t\t<div class=\"elementor-column elementor-col-100 elementor-top-column elementor-element elementor-element-cd7d38e\" data-id=\"cd7d38e\" data-element_type=\"column\" data-e-type=\"column\">\n\t\t\t<div class=\"elementor-widget-wrap elementor-element-populated\">\n\t\t\t\t\t\t<div class=\"elementor-element elementor-element-a4ad1d8 elementor-widget elementor-widget-text-editor\" data-id=\"a4ad1d8\" data-element_type=\"widget\" data-e-type=\"widget\" data-widget_type=\"text-editor.default\">\n\t\t\t\t<div class=\"elementor-widget-container\">\n\t\t\t\t\t\t\t\t\t<div style=\"background-color: transparent; clear: both; color: #000000; cursor: text; direction: ltr; font-size: 12px; font-style: normal; font-variant: normal; font-weight: 400; overflow: visible; position: relative; -webkit-tap-highlight-color: transparent;\"><p style=\"background-color: transparent; font-style: normal; font-weight: 400; margin-bottom: 0px; -webkit-tap-highlight-color: transparent; overflow-wrap: break-word;\"><span style=\"color: #000000;\"><span lang=\"DE-DE\" style=\"font-size: 15.33px; line-height: 19.42px; -webkit-tap-highlight-color: transparent;\" xml:lang=\"DE-DE\" data-contrast=\"none\"><span style=\"background-color: transparent; -webkit-tap-highlight-color: transparent;\">Der Darm ist der Motor unseres Lebens<\/span><\/span><span lang=\"DE-DE\" style=\"font-size: 15.33px; line-height: 19.42px; -webkit-tap-highlight-color: transparent;\" xml:lang=\"DE-DE\" data-contrast=\"none\"><span style=\"background-color: transparent; -webkit-tap-highlight-color: transparent;\">. er sorgt nicht nur f\u00fcr <\/span><\/span><span lang=\"DE-DE\" style=\"font-size: 15.33px; line-height: 19.42px; -webkit-tap-highlight-color: transparent;\" xml:lang=\"DE-DE\" data-contrast=\"none\"><span style=\"background-color: transparent; -webkit-tap-highlight-color: transparent;\">Treibstoff \u00fcber die Nahrungsverdauung, sondern <\/span><\/span><span lang=\"DE-DE\" style=\"font-size: 15.33px; line-height: 19.42px; -webkit-tap-highlight-color: transparent;\" xml:lang=\"DE-DE\" data-contrast=\"none\"><span style=\"background-color: transparent; -webkit-tap-highlight-color: transparent;\">beeinflusst auch<\/span><\/span><span lang=\"DE-DE\" style=\"font-size: 15.33px; line-height: 19.42px; -webkit-tap-highlight-color: transparent;\" xml:lang=\"DE-DE\" data-contrast=\"none\"><span style=\"background-color: transparent; -webkit-tap-highlight-color: transparent;\"> viele Prozesse von Kopf bis Fu\u00df.<\/span><\/span><span lang=\"DE-DE\" style=\"font-size: 15.33px; line-height: 19.42px; -webkit-tap-highlight-color: transparent;\" xml:lang=\"DE-DE\" data-contrast=\"none\"><span style=\"background-color: transparent; -webkit-tap-highlight-color: transparent;\">\u00a0<\/span><\/span><span style=\"font-size: 15.33px; line-height: 19.42px; -webkit-tap-highlight-color: transparent;\" data-ccp-props=\"{\">\u00a0<\/span><span lang=\"DE-DE\" style=\"background-color: transparent; font-style: normal; font-weight: 400; font-size: 15.33px; line-height: 19.42px; -webkit-tap-highlight-color: transparent;\" xml:lang=\"DE-DE\" data-contrast=\"none\"><span style=\"background-color: transparent; -webkit-tap-highlight-color: transparent;\">L\u00e4uft der Darm rund, betrifft das den ganzen K\u00f6rper<\/span><\/span><span lang=\"DE-DE\" style=\"background-color: transparent; font-style: normal; font-weight: 400; font-size: 15.33px; line-height: 19.42px; -webkit-tap-highlight-color: transparent;\" xml:lang=\"DE-DE\" data-contrast=\"none\"><span style=\"background-color: transparent; -webkit-tap-highlight-color: transparent;\">. Der Lebensstil entscheidet ma\u00dfgeblich dar\u00fcber, ob es dem <\/span><\/span><span lang=\"DE-DE\" style=\"background-color: transparent; font-style: normal; font-weight: 400; font-size: 15.33px; line-height: 19.42px; -webkit-tap-highlight-color: transparent;\" xml:lang=\"DE-DE\" data-contrast=\"none\"><span style=\"background-color: transparent; -webkit-tap-highlight-color: transparent;\">Darm gut geht.<\/span><\/span><\/span><\/p><p style=\"background-color: transparent; font-style: normal; font-weight: 400; margin-bottom: 0px; -webkit-tap-highlight-color: transparent; overflow-wrap: break-word;\"><span lang=\"DE-DE\" style=\"background-color: transparent; font-style: normal; font-weight: 400; color: #444444; font-size: 15.33px; line-height: 19.42px; -webkit-tap-highlight-color: transparent;\" xml:lang=\"DE-DE\" data-contrast=\"none\"><span style=\"background-color: transparent; -webkit-tap-highlight-color: transparent;\">\u00a0<\/span><\/span><\/p><\/div><div style=\"background-color: transparent; clear: both; color: #000000; cursor: text; direction: ltr; font-size: 12px; font-style: normal; font-variant: normal; font-weight: 400; overflow: visible; position: relative; -webkit-tap-highlight-color: transparent;\"><p style=\"background-color: transparent; font-style: normal; font-weight: 400; margin-bottom: 0px; -webkit-tap-highlight-color: transparent; overflow-wrap: break-word;\"><span lang=\"DE-DE\" style=\"color: #444444; font-size: 15.33px; line-height: 19.42px; -webkit-tap-highlight-color: transparent;\" xml:lang=\"DE-DE\" data-contrast=\"none\"><span style=\"background-color: transparent; -webkit-tap-highlight-color: transparent;\">In unsere<\/span><\/span><span lang=\"DE-DE\" style=\"color: #444444; font-size: 15.33px; line-height: 19.42px; -webkit-tap-highlight-color: transparent;\" xml:lang=\"DE-DE\" data-contrast=\"none\"><span style=\"background-color: transparent; -webkit-tap-highlight-color: transparent;\">r<\/span><\/span><span lang=\"DE-DE\" style=\"color: #444444; font-size: 15.33px; line-height: 19.42px; -webkit-tap-highlight-color: transparent;\" xml:lang=\"DE-DE\" data-contrast=\"none\"><span style=\"background-color: transparent; -webkit-tap-highlight-color: transparent;\"> modernen Zei<\/span><\/span><span lang=\"DE-DE\" style=\"color: #444444; font-size: 15.33px; line-height: 19.42px; -webkit-tap-highlight-color: transparent;\" xml:lang=\"DE-DE\" data-contrast=\"none\"><span style=\"background-color: transparent; -webkit-tap-highlight-color: transparent;\">t mit dem \u00dcberangebot an industriell gefertigten Lebensmitteln und einer Vielzahl an sch\u00e4dlichen <\/span><\/span><span lang=\"DE-DE\" style=\"color: #444444; font-size: 15.33px; line-height: 19.42px; -webkit-tap-highlight-color: transparent;\" xml:lang=\"DE-DE\" data-contrast=\"none\"><span style=\"background-color: transparent; -webkit-tap-highlight-color: transparent;\">Umwelteinfl\u00fcssen f\u00e4llt es nicht leicht den Darm gesund zu halten.<\/span><\/span><span lang=\"DE-DE\" style=\"color: #444444; font-size: 15.33px; line-height: 19.42px; -webkit-tap-highlight-color: transparent;\" xml:lang=\"DE-DE\" data-contrast=\"none\"><span style=\"background-color: transparent; -webkit-tap-highlight-color: transparent;\">\u00a0<\/span><\/span><span style=\"font-size: 15.33px; line-height: 19.42px; -webkit-tap-highlight-color: transparent;\" data-ccp-props=\"{\">\u00a0<\/span><\/p><\/div><div style=\"background-color: transparent; clear: both; color: #000000; cursor: text; direction: ltr; font-size: 12px; font-style: normal; font-variant: normal; font-weight: 400; overflow: visible; position: relative; -webkit-tap-highlight-color: transparent;\"><p style=\"background-color: transparent; font-style: normal; font-weight: 400; margin-bottom: 0px; -webkit-tap-highlight-color: transparent; overflow-wrap: break-word;\">\u00a0<\/p><\/div>\t\t\t\t\t\t\t\t<\/div>\n\t\t\t\t<\/div>\n\t\t\t\t\t<\/div>\n\t\t<\/div>\n\t\t\t\t\t<\/div>\n\t\t<\/section>\n\t\t\t\t<section class=\"elementor-section elementor-top-section elementor-element elementor-element-b6811eb elementor-section-boxed elementor-section-height-default elementor-section-height-default\" data-id=\"b6811eb\" data-element_type=\"section\" data-e-type=\"section\">\n\t\t\t\t\t\t<div class=\"elementor-container elementor-column-gap-default\">\n\t\t\t\t\t<div class=\"elementor-column elementor-col-50 elementor-top-column elementor-element elementor-element-41cf5b7\" data-id=\"41cf5b7\" data-element_type=\"column\" data-e-type=\"column\">\n\t\t\t<div class=\"elementor-widget-wrap elementor-element-populated\">\n\t\t\t\t\t\t<div class=\"elementor-element elementor-element-ebb458c elementor-widget elementor-widget-text-editor\" data-id=\"ebb458c\" data-element_type=\"widget\" data-e-type=\"widget\" data-widget_type=\"text-editor.default\">\n\t\t\t\t<div class=\"elementor-widget-container\">\n\t\t\t\t\t\t\t\t\t<div style=\"font-variant: normal; font-family: 'Roboto Slab'; font-size: 12px; font-style: normal; font-weight: 400; background-color: transparent; clear: both; color: #000000; cursor: text; direction: ltr; overflow: visible; position: relative; -webkit-tap-highlight-color: transparent;\"><p style=\"margin-bottom: 0px; font-size: 12px; font-style: normal; font-weight: 400; background-color: transparent; -webkit-tap-highlight-color: transparent; overflow-wrap: break-word;\"><span lang=\"DE-DE\" style=\"line-height: 19.42px; font-size: 15.33px; color: #444444; -webkit-tap-highlight-color: transparent;\" xml:lang=\"DE-DE\" data-contrast=\"none\"><span style=\"font-size: 15.33px; background-color: transparent; -webkit-tap-highlight-color: transparent;\">\u00a0<\/span><\/span><\/p><p style=\"margin-bottom: 0px; font-size: 12px; font-style: normal; font-weight: 400; background-color: transparent; -webkit-tap-highlight-color: transparent; overflow-wrap: break-word;\"><span lang=\"DE-DE\" style=\"line-height: 19.42px; font-size: 15.33px; color: #444444; -webkit-tap-highlight-color: transparent;\" xml:lang=\"DE-DE\" data-contrast=\"none\"><span style=\"font-size: 15.33px; background-color: transparent; -webkit-tap-highlight-color: transparent;\">\u00a0<\/span><\/span><\/p><p style=\"margin-bottom: 0px; font-size: 12px; font-style: normal; font-weight: 400; background-color: transparent; -webkit-tap-highlight-color: transparent; overflow-wrap: break-word;\"><span lang=\"DE-DE\" style=\"background-color: transparent; font-style: normal; font-weight: 400; line-height: 19.42px; font-size: 15.33px; color: #444444; -webkit-tap-highlight-color: transparent;\" xml:lang=\"DE-DE\" data-contrast=\"none\"><span style=\"font-size: 15.33px; background-color: transparent; -webkit-tap-highlight-color: transparent;\">A<span style=\"color: #000000;\">ber es gibt sie<\/span><\/span><\/span><span style=\"color: #000000;\"><span lang=\"DE-DE\" style=\"background-color: transparent; font-style: normal; font-weight: 400; line-height: 19.42px; font-size: 15.33px; -webkit-tap-highlight-color: transparent;\" xml:lang=\"DE-DE\" data-contrast=\"none\"><span style=\"font-size: 15.33px; background-color: transparent; -webkit-tap-highlight-color: transparent;\">,<\/span><\/span><span lang=\"DE-DE\" style=\"background-color: transparent; font-style: normal; font-weight: 400; line-height: 19.42px; font-size: 15.33px; -webkit-tap-highlight-color: transparent;\" xml:lang=\"DE-DE\" data-contrast=\"none\"><span style=\"font-size: 15.33px; background-color: transparent; -webkit-tap-highlight-color: transparent;\">\u00a0die wirkungsvollen\u00a0<\/span><\/span><span lang=\"DE-DE\" style=\"background-color: transparent; font-style: normal; font-weight: 400; line-height: 19.42px; font-size: 15.33px; -webkit-tap-highlight-color: transparent;\" xml:lang=\"DE-DE\" data-contrast=\"none\"><span style=\"font-size: 15.33px; background-color: transparent; -webkit-tap-highlight-color: transparent;\">Ma\u00dfnahmen f\u00fcr die Darmgesundheit<\/span><\/span><span lang=\"DE-DE\" style=\"background-color: transparent; font-style: normal; font-weight: 400; line-height: 19.42px; font-size: 15.33px; -webkit-tap-highlight-color: transparent;\" xml:lang=\"DE-DE\" data-contrast=\"none\"><span style=\"font-size: 15.33px; background-color: transparent; -webkit-tap-highlight-color: transparent;\">!<\/span><\/span><span style=\"background-color: transparent; font-style: normal; font-weight: 400; line-height: 19.42px; font-size: 15.33px; -webkit-tap-highlight-color: transparent;\" data-ccp-props=\"{\">\u00a0<\/span><\/span><\/p><\/div><div style=\"font-variant: normal; font-family: 'Roboto Slab'; font-size: 12px; font-style: normal; font-weight: 400; background-color: transparent; clear: both; color: #000000; cursor: text; direction: ltr; overflow: visible; position: relative; -webkit-tap-highlight-color: transparent;\"><ul><li style=\"font-size: 12px; font-style: normal; font-weight: 400; background-color: transparent; -webkit-tap-highlight-color: transparent; overflow-wrap: break-word;\"><span style=\"color: #000000;\"><span lang=\"DE-DE\" style=\"line-height: 19.42px; font-size: 15.33px; -webkit-tap-highlight-color: transparent;\" xml:lang=\"DE-DE\" data-contrast=\"none\"><span style=\"font-size: 15.33px; background-color: transparent; -webkit-tap-highlight-color: transparent;\">Darmbeschwerden verstehen<\/span><\/span><span style=\"line-height: 19.42px; font-size: 15.33px; -webkit-tap-highlight-color: transparent;\" data-ccp-props=\"{\">\u00a0<\/span><\/span><\/li><\/ul><\/div><div style=\"font-variant: normal; font-family: 'Roboto Slab'; font-size: 12px; font-style: normal; font-weight: 400; background-color: transparent; clear: both; color: #000000; cursor: text; direction: ltr; overflow: visible; position: relative; -webkit-tap-highlight-color: transparent;\"><ul><li style=\"font-size: 12px; font-style: normal; font-weight: 400; background-color: transparent; -webkit-tap-highlight-color: transparent; overflow-wrap: break-word;\"><span style=\"color: #000000;\"><span lang=\"DE-DE\" style=\"line-height: 19.42px; font-size: 15.33px; -webkit-tap-highlight-color: transparent;\" xml:lang=\"DE-DE\" data-contrast=\"none\"><span style=\"font-size: 15.33px; background-color: transparent; -webkit-tap-highlight-color: transparent;\">Immunschw\u00e4chen erkennen<\/span><\/span><span style=\"line-height: 19.42px; font-size: 15.33px; -webkit-tap-highlight-color: transparent;\" data-ccp-props=\"{\">\u00a0<\/span><\/span><\/li><\/ul><\/div><div style=\"font-variant: normal; font-family: 'Roboto Slab'; font-size: 12px; font-style: normal; font-weight: 400; background-color: transparent; clear: both; color: #000000; cursor: text; direction: ltr; overflow: visible; position: relative; -webkit-tap-highlight-color: transparent;\"><ul><li style=\"font-size: 12px; font-style: normal; font-weight: 400; background-color: transparent; -webkit-tap-highlight-color: transparent; overflow-wrap: break-word;\"><span style=\"color: #000000;\"><span lang=\"DE-DE\" style=\"line-height: 19.42px; font-size: 15.33px; -webkit-tap-highlight-color: transparent;\" xml:lang=\"DE-DE\" data-contrast=\"none\"><span style=\"font-size: 15.33px; background-color: transparent; -webkit-tap-highlight-color: transparent;\">Gewichtsprobleme erkennen<\/span><\/span><span style=\"line-height: 19.42px; font-size: 15.33px; -webkit-tap-highlight-color: transparent;\" data-ccp-props=\"{\">\u00a0<\/span><\/span><\/li><\/ul><\/div><div style=\"font-variant: normal; font-family: 'Roboto Slab'; font-size: 12px; font-style: normal; font-weight: 400; background-color: transparent; clear: both; color: #000000; cursor: text; direction: ltr; overflow: visible; position: relative; -webkit-tap-highlight-color: transparent;\"><p style=\"margin-bottom: 0px; font-size: 12px; font-style: normal; font-weight: 400; background-color: transparent; -webkit-tap-highlight-color: transparent; overflow-wrap: break-word;\"><span style=\"line-height: 19.42px; font-size: 15.33px; -webkit-tap-highlight-color: transparent; color: #000000;\" data-ccp-props=\"{\">\u00a0<\/span><\/p><\/div><div style=\"font-variant: normal;\"><h2 style=\"color: #000000; font-size: 12px; margin-bottom: 0px; font-style: normal; background-color: transparent; -webkit-tap-highlight-color: transparent; overflow-wrap: break-word;\"><span style=\"color: #000000;\"><span lang=\"DE-DE\" style=\"background-color: transparent; font-style: normal; font-weight: 600; line-height: 19.42px; font-size: 15.33px; -webkit-tap-highlight-color: transparent;\" xml:lang=\"DE-DE\" data-contrast=\"none\"><span style=\"font-size: 15.33px; background-color: transparent; -webkit-tap-highlight-color: transparent;\">Neu!\u00a0<\/span><\/span><span lang=\"DE-DE\" style=\"background-color: transparent; font-style: normal; font-weight: 600; line-height: 19.42px; font-size: 15.33px; -webkit-tap-highlight-color: transparent;\" xml:lang=\"DE-DE\" data-contrast=\"none\"><span style=\"border-bottom: 1px solid transparent; font-size: 15.33px; background-color: transparent; background-image: url('data:image\/gif;base64,R0lGODlhBQAEAJECAP\/\/\/\/8AAAAAAAAAACH5BAEAAAIALAAAAAAFAAQAAAIIlGAXCCHrTCgAOw=='); background-position: 0% 100%; background-repeat: repeat-x; -webkit-tap-highlight-color: transparent;\">Mikrobiomtest<\/span><\/span><span lang=\"DE-DE\" style=\"background-color: transparent; font-style: normal; font-weight: 600; line-height: 19.42px; font-size: 15.33px; -webkit-tap-highlight-color: transparent;\" xml:lang=\"DE-DE\" data-contrast=\"none\"><span style=\"font-size: 15.33px; background-color: transparent; -webkit-tap-highlight-color: transparent;\">\u00a0!<\/span><\/span><\/span><\/h2><p><img decoding=\"async\" class=\"alignnone  wp-image-1447 alignright\" src=\"https:\/\/xn--digest-ernhrungsberatung-zbc.de\/wp-content\/uploads\/2020\/09\/Logo_Biomes-300x90.png\" alt=\"\" width=\"173\" height=\"51\" srcset=\"https:\/\/xn--digest-ernhrungsberatung-zbc.de\/wp-content\/uploads\/2020\/09\/Logo_Biomes-300x90.png 300w, https:\/\/xn--digest-ernhrungsberatung-zbc.de\/wp-content\/uploads\/2020\/09\/Logo_Biomes.png 410w\" sizes=\"(max-width: 173px) 100vw, 173px\" \/><\/p><\/div>\t\t\t\t\t\t\t\t<\/div>\n\t\t\t\t<\/div>\n\t\t\t\t\t<\/div>\n\t\t<\/div>\n\t\t\t\t<div class=\"elementor-column elementor-col-50 elementor-top-column elementor-element elementor-element-9eec306\" data-id=\"9eec306\" data-element_type=\"column\" data-e-type=\"column\">\n\t\t\t<div class=\"elementor-widget-wrap elementor-element-populated\">\n\t\t\t\t\t\t<div class=\"elementor-element elementor-element-10666d9 elementor-widget elementor-widget-image\" data-id=\"10666d9\" data-element_type=\"widget\" data-e-type=\"widget\" data-widget_type=\"image.default\">\n\t\t\t\t<div class=\"elementor-widget-container\">\n\t\t\t\t\t\t\t\t\t\t\t\t\t\t\t<img fetchpriority=\"high\" decoding=\"async\" width=\"232\" height=\"300\" src=\"https:\/\/xn--digest-ernhrungsberatung-zbc.de\/wp-content\/uploads\/2019\/11\/darm-232x300.png\" class=\"attachment-medium size-medium wp-image-1237\" alt=\"\" srcset=\"https:\/\/xn--digest-ernhrungsberatung-zbc.de\/wp-content\/uploads\/2019\/11\/darm-232x300.png 232w, https:\/\/xn--digest-ernhrungsberatung-zbc.de\/wp-content\/uploads\/2019\/11\/darm-768x995.png 768w, https:\/\/xn--digest-ernhrungsberatung-zbc.de\/wp-content\/uploads\/2019\/11\/darm-790x1024.png 790w, https:\/\/xn--digest-ernhrungsberatung-zbc.de\/wp-content\/uploads\/2019\/11\/darm.png 988w\" sizes=\"(max-width: 232px) 100vw, 232px\" \/>\t\t\t\t\t\t\t\t\t\t\t\t\t\t\t<\/div>\n\t\t\t\t<\/div>\n\t\t\t\t\t<\/div>\n\t\t<\/div>\n\t\t\t\t\t<\/div>\n\t\t<\/section>\n\t\t\t\t<section class=\"elementor-section elementor-top-section elementor-element elementor-element-2f67205 elementor-section-boxed elementor-section-height-default elementor-section-height-default\" data-id=\"2f67205\" data-element_type=\"section\" data-e-type=\"section\">\n\t\t\t\t\t\t<div class=\"elementor-container elementor-column-gap-default\">\n\t\t\t\t\t<div class=\"elementor-column elementor-col-100 elementor-top-column elementor-element elementor-element-38d2fb4\" data-id=\"38d2fb4\" data-element_type=\"column\" data-e-type=\"column\">\n\t\t\t<div class=\"elementor-widget-wrap elementor-element-populated\">\n\t\t\t\t\t\t<div class=\"elementor-element elementor-element-ca9c1bb elementor-widget elementor-widget-text-editor\" data-id=\"ca9c1bb\" data-element_type=\"widget\" data-e-type=\"widget\" data-widget_type=\"text-editor.default\">\n\t\t\t\t<div class=\"elementor-widget-container\">\n\t\t\t\t\t\t\t\t\t<p><span style=\"color: #000000;\">Meine Beratung ersetzt im Krankheitsfall nicht den Besuch beim Arzt, sondern stellt eine begleitende Ma\u00dfnahme dar.<\/span><\/p><p><span style=\"color: #000000;\">Interesse geweckt? Ich freue mich auf Ihre Kontaktaufnahme. Gerne melde ich mich telefonisch bei Ihnen um Ihr Anliegen zu besprechen.<\/span><\/p>\t\t\t\t\t\t\t\t<\/div>\n\t\t\t\t<\/div>\n\t\t\t\t\t<\/div>\n\t\t<\/div>\n\t\t\t\t\t<\/div>\n\t\t<\/section>\n\t\t\t\t<\/div>\n\t\t","protected":false},"excerpt":{"rendered":"<p>Der Darm ist der Motor unseres Lebens. er sorgt nicht nur f\u00fcr Treibstoff \u00fcber die Nahrungsverdauung, sondern beeinflusst auch viele Prozesse von Kopf bis Fu\u00df.\u00a0\u00a0L\u00e4uft der Darm rund, betrifft das den ganzen K\u00f6rper. Der Lebensstil entscheidet ma\u00dfgeblich dar\u00fcber, ob es dem Darm gut geht. \u00a0 In unserer modernen Zeit mit dem \u00dcberangebot an industriell gefertigten [&hellip;]<\/p>\n","protected":false},"author":1,"featured_media":0,"parent":0,"menu_order":0,"comment_status":"closed","ping_status":"closed","template":"","meta":{"ocean_post_layout":"full-width","ocean_both_sidebars_style":"","ocean_both_sidebars_content_width":0,"ocean_both_sidebars_sidebars_width":0,"ocean_sidebar":"sidebar-2","ocean_second_sidebar":"0","ocean_disable_margins":"enable","ocean_add_body_class":"","ocean_shortcode_before_top_bar":"","ocean_shortcode_after_top_bar":"","ocean_shortcode_before_header":"","ocean_shortcode_after_header":"","ocean_has_shortcode":"","ocean_shortcode_after_title":"","ocean_shortcode_before_footer_widgets":"","ocean_shortcode_after_footer_widgets":"","ocean_shortcode_before_footer_bottom":"","ocean_shortcode_after_footer_bottom":"","ocean_display_top_bar":"default","ocean_display_header":"default","ocean_header_style":"","ocean_center_header_left_menu":"0","ocean_custom_header_template":"0","ocean_custom_logo":0,"ocean_custom_retina_logo":0,"ocean_custom_logo_max_width":0,"ocean_custom_logo_tablet_max_width":0,"ocean_custom_logo_mobile_max_width":0,"ocean_custom_logo_max_height":0,"ocean_custom_logo_tablet_max_height":0,"ocean_custom_logo_mobile_max_height":0,"ocean_header_custom_menu":"0","ocean_menu_typo_font_family":"0","ocean_menu_typo_font_subset":"","ocean_menu_typo_font_size":0,"ocean_menu_typo_font_size_tablet":0,"ocean_menu_typo_font_size_mobile":0,"ocean_menu_typo_font_size_unit":"px","ocean_menu_typo_font_weight":"","ocean_menu_typo_font_weight_tablet":"","ocean_menu_typo_font_weight_mobile":"","ocean_menu_typo_transform":"","ocean_menu_typo_transform_tablet":"","ocean_menu_typo_transform_mobile":"","ocean_menu_typo_line_height":0,"ocean_menu_typo_line_height_tablet":0,"ocean_menu_typo_line_height_mobile":0,"ocean_menu_typo_line_height_unit":"","ocean_menu_typo_spacing":0,"ocean_menu_typo_spacing_tablet":0,"ocean_menu_typo_spacing_mobile":0,"ocean_menu_typo_spacing_unit":"","ocean_menu_link_color":"","ocean_menu_link_color_hover":"","ocean_menu_link_color_active":"","ocean_menu_link_background":"","ocean_menu_link_hover_background":"","ocean_menu_link_active_background":"","ocean_menu_social_links_bg":"","ocean_menu_social_hover_links_bg":"","ocean_menu_social_links_color":"","ocean_menu_social_hover_links_color":"","ocean_disable_title":"default","ocean_disable_heading":"default","ocean_post_title":"","ocean_post_subheading":"","ocean_post_title_style":"","ocean_post_title_background_color":"","ocean_post_title_background":0,"ocean_post_title_bg_image_position":"","ocean_post_title_bg_image_attachment":"","ocean_post_title_bg_image_repeat":"","ocean_post_title_bg_image_size":"","ocean_post_title_height":0,"ocean_post_title_bg_overlay":0.5,"ocean_post_title_bg_overlay_color":"","ocean_disable_breadcrumbs":"default","ocean_breadcrumbs_color":"","ocean_breadcrumbs_separator_color":"","ocean_breadcrumbs_links_color":"","ocean_breadcrumbs_links_hover_color":"","ocean_display_footer_widgets":"default","ocean_display_footer_bottom":"default","ocean_custom_footer_template":"0","footnotes":""},"class_list":["post-1210","page","type-page","status-publish","hentry","entry"],"_links":{"self":[{"href":"https:\/\/xn--digest-ernhrungsberatung-zbc.de\/index.php?rest_route=\/wp\/v2\/pages\/1210","targetHints":{"allow":["GET"]}}],"collection":[{"href":"https:\/\/xn--digest-ernhrungsberatung-zbc.de\/index.php?rest_route=\/wp\/v2\/pages"}],"about":[{"href":"https:\/\/xn--digest-ernhrungsberatung-zbc.de\/index.php?rest_route=\/wp\/v2\/types\/page"}],"author":[{"embeddable":true,"href":"https:\/\/xn--digest-ernhrungsberatung-zbc.de\/index.php?rest_route=\/wp\/v2\/users\/1"}],"replies":[{"embeddable":true,"href":"https:\/\/xn--digest-ernhrungsberatung-zbc.de\/index.php?rest_route=%2Fwp%2Fv2%2Fcomments&post=1210"}],"version-history":[{"count":8,"href":"https:\/\/xn--digest-ernhrungsberatung-zbc.de\/index.php?rest_route=\/wp\/v2\/pages\/1210\/revisions"}],"predecessor-version":[{"id":1469,"href":"https:\/\/xn--digest-ernhrungsberatung-zbc.de\/index.php?rest_route=\/wp\/v2\/pages\/1210\/revisions\/1469"}],"wp:attachment":[{"href":"https:\/\/xn--digest-ernhrungsberatung-zbc.de\/index.php?rest_route=%2Fwp%2Fv2%2Fmedia&parent=1210"}],"curies":[{"name":"wp","href":"https:\/\/api.w.org\/{rel}","templated":true}]}}