{"id":20,"date":"2019-03-09T17:56:09","date_gmt":"2019-03-09T17:56:09","guid":{"rendered":"http:\/\/xn--darm-ernhrungsberatung-74b.de\/?page_id=20"},"modified":"2020-09-20T18:41:03","modified_gmt":"2020-09-20T16:41:03","slug":"ueber-mich","status":"publish","type":"page","link":"https:\/\/xn--digest-ernhrungsberatung-zbc.de\/?page_id=20","title":{"rendered":"Wer bin ich?"},"content":{"rendered":"\t\t<div data-elementor-type=\"wp-post\" data-elementor-id=\"20\" class=\"elementor elementor-20\">\n\t\t\t\t\t\t<section class=\"elementor-section elementor-top-section elementor-element elementor-element-bb25032 elementor-section-boxed elementor-section-height-default elementor-section-height-default\" data-id=\"bb25032\" data-element_type=\"section\" data-e-type=\"section\">\n\t\t\t\t\t\t<div class=\"elementor-container elementor-column-gap-default\">\n\t\t\t\t\t<div class=\"elementor-column elementor-col-33 elementor-top-column elementor-element elementor-element-19240e4\" data-id=\"19240e4\" data-element_type=\"column\" data-e-type=\"column\">\n\t\t\t<div class=\"elementor-widget-wrap elementor-element-populated\">\n\t\t\t\t\t\t<div class=\"elementor-element elementor-element-43ac45c elementor-widget elementor-widget-image\" data-id=\"43ac45c\" data-element_type=\"widget\" data-e-type=\"widget\" data-widget_type=\"image.default\">\n\t\t\t\t<div class=\"elementor-widget-container\">\n\t\t\t\t\t\t\t\t\t\t\t\t\t\t\t<img fetchpriority=\"high\" decoding=\"async\" width=\"886\" height=\"1024\" src=\"https:\/\/xn--digest-ernhrungsberatung-zbc.de\/wp-content\/uploads\/2019\/03\/IMG_5831-886x1024.jpg\" class=\"attachment-large size-large wp-image-143\" alt=\"\" srcset=\"https:\/\/xn--digest-ernhrungsberatung-zbc.de\/wp-content\/uploads\/2019\/03\/IMG_5831-886x1024.jpg 886w, https:\/\/xn--digest-ernhrungsberatung-zbc.de\/wp-content\/uploads\/2019\/03\/IMG_5831-260x300.jpg 260w, https:\/\/xn--digest-ernhrungsberatung-zbc.de\/wp-content\/uploads\/2019\/03\/IMG_5831-768x888.jpg 768w\" sizes=\"(max-width: 886px) 100vw, 886px\" \/>\t\t\t\t\t\t\t\t\t\t\t\t\t\t\t<\/div>\n\t\t\t\t<\/div>\n\t\t\t\t\t<\/div>\n\t\t<\/div>\n\t\t\t\t<div class=\"elementor-column elementor-col-33 elementor-top-column elementor-element elementor-element-a1f847c\" data-id=\"a1f847c\" data-element_type=\"column\" data-e-type=\"column\">\n\t\t\t<div class=\"elementor-widget-wrap elementor-element-populated\">\n\t\t\t\t\t\t<div class=\"elementor-element elementor-element-9cd8587 elementor-widget elementor-widget-text-editor\" data-id=\"9cd8587\" data-element_type=\"widget\" data-e-type=\"widget\" data-widget_type=\"text-editor.default\">\n\t\t\t\t<div class=\"elementor-widget-container\">\n\t\t\t\t\t\t\t\t\t<p style=\"background-color: transparent; color: #444444; font-size: 15px; font-style: normal; font-variant: normal; font-weight: 400; margin-bottom: 0px; margin-top: 15px;\">Mein Name ist <span style=\"font-weight: bold;\">Kerstin Juratha<\/span>. Ich bin verheiratet und habe einen 13-j\u00e4hrigen Sohn. Zu unserer Familie geh\u00f6rt auch Henry, ein Golden Retriever. Mit ihm kann ich meine Naturverbundenheit und meine Liebe zur Bewegung an der frischen Luft ausleben.<\/p><p style=\"background-color: transparent; color: #444444; font-size: 15px; font-style: normal; font-variant: normal; font-weight: 400; margin-bottom: 0px; margin-top: 15px;\">Essen und Kochen sind meine Leidenschaften. Die Vielfalt von Obst, Gem\u00fcse, Kr\u00e4utern und Gew\u00fcrzen und deren Wirkungsweise fand ich schon immer sehr spannend.<\/p><p style=\"background-color: transparent; color: #444444; font-size: 15px; font-style: normal; font-variant: normal; font-weight: 400; margin-bottom: 0px; margin-top: 15px;\">Viele Jahre lang hat mich mein Darm geplagt, der in unserer Gesellschaft immer noch h\u00e4ufig tabuisiert wird. Am eigenen Leib habe ich erfahren, dass sich eine schlechte Darmfunktion\u00a0\u00a0auf unseren gesamten Organismus auswirkt. Ich durchlebte diverse Krankheiten, hatte Allergien und k\u00e4mpfte mit Gewichtsproblemen. Kein Arzt konnte mir wirklich langfristig helfen.\u00a0<\/p>\t\t\t\t\t\t\t\t<\/div>\n\t\t\t\t<\/div>\n\t\t\t\t\t<\/div>\n\t\t<\/div>\n\t\t\t\t<div class=\"elementor-column elementor-col-33 elementor-top-column elementor-element elementor-element-fa9b5fc\" data-id=\"fa9b5fc\" data-element_type=\"column\" data-e-type=\"column\">\n\t\t\t<div class=\"elementor-widget-wrap\">\n\t\t\t\t\t\t\t<\/div>\n\t\t<\/div>\n\t\t\t\t\t<\/div>\n\t\t<\/section>\n\t\t\t\t<section class=\"elementor-section elementor-top-section elementor-element elementor-element-3a23746 elementor-section-boxed elementor-section-height-default elementor-section-height-default\" data-id=\"3a23746\" data-element_type=\"section\" data-e-type=\"section\">\n\t\t\t\t\t\t<div class=\"elementor-container elementor-column-gap-default\">\n\t\t\t\t\t<div class=\"elementor-column elementor-col-50 elementor-top-column elementor-element elementor-element-ecb85b\" data-id=\"ecb85b\" data-element_type=\"column\" data-e-type=\"column\">\n\t\t\t<div class=\"elementor-widget-wrap elementor-element-populated\">\n\t\t\t\t\t\t<div class=\"elementor-element elementor-element-4fa3660d elementor-widget elementor-widget-text-editor\" data-id=\"4fa3660d\" data-element_type=\"widget\" data-e-type=\"widget\" data-widget_type=\"text-editor.default\">\n\t\t\t\t<div class=\"elementor-widget-container\">\n\t\t\t\t\t\t\t\t\t<p style=\"background-color: transparent; color: #444444; font-size: 15px; font-style: normal; font-variant: normal; font-weight: 400; margin-bottom: 0px; margin-top: 15px;\">Da ich ein neugieriger Mensch bin und mich nicht geschlagen geben wollte, habe ich mich selbst auf die Suche nach einem Weg zu mehr Gesundheit und Lebensqualit\u00e4t gemacht.\u00a0<span style=\"background-color: transparent; font-size: 15px; font-style: normal; font-variant-ligatures: normal; font-variant-caps: normal; font-weight: 400;\">Das Thema \u201erichtiges Essen\u201c r\u00fcckte dabei f\u00fcr mich immer mehr in den Mittelpunkt. Durch die schrittweise Umstellung auf eine Ern\u00e4hrungsweise, die auf die Bed\u00fcrfnisse meines K\u00f6rpers abgestimmt war, bin ich heute tats\u00e4chlich beschwerdefrei.<\/span><\/p><p style=\"background-color: transparent; color: #444444; font-size: 15px; font-style: normal; font-variant: normal; font-weight: 400; margin-bottom: 0px; margin-top: 15px;\">Meine Erfahrungen und meine feste \u00dcberzeugung, dass man mit einer ausgewogenen Ern\u00e4hrung oft mehr erreichen kann als mit einer medikament\u00f6sen, symptomatischen Therapie, haben mich dazu bewogen, in meinem Leben auch in beruflicher Hinsicht eine neue Richtung einzuschlagen.<\/p><p style=\"background-color: transparent; color: #444444; font-size: 15px; font-style: normal; font-variant: normal; font-weight: 400; margin-bottom: 0px; margin-top: 15px;\">Heute bin ich zertifizierte Ern\u00e4hrungs- und Darmfachberaterin und m\u00f6chte dieses Wissen gerne mit Ihnen teilen. Entdecken Sie mit mir die f\u00fcr Sie ma\u00dfgeschneiderte Ern\u00e4hrung.<\/p><p style=\"background-color: transparent; color: #444444; font-size: 15px; font-style: normal; font-variant: normal; font-weight: 400; margin-bottom: 0px; margin-top: 15px;\">Machen Sie sich gemeinsam mit mir auf Ihren individuellen, heilenden Weg zu mehr Vitalit\u00e4t und Wohlbefinden. Ich freue mich auf Sie!<\/p>\t\t\t\t\t\t\t\t<\/div>\n\t\t\t\t<\/div>\n\t\t\t\t\t<\/div>\n\t\t<\/div>\n\t\t\t\t<div class=\"elementor-column elementor-col-50 elementor-top-column elementor-element elementor-element-0cc7d61\" data-id=\"0cc7d61\" data-element_type=\"column\" data-e-type=\"column\">\n\t\t\t<div class=\"elementor-widget-wrap\">\n\t\t\t\t\t\t\t<\/div>\n\t\t<\/div>\n\t\t\t\t\t<\/div>\n\t\t<\/section>\n\t\t\t\t<\/div>\n\t\t","protected":false},"excerpt":{"rendered":"<p>Mein Name ist Kerstin Juratha. Ich bin verheiratet und habe einen 13-j\u00e4hrigen Sohn. Zu unserer Familie geh\u00f6rt auch Henry, ein Golden Retriever. Mit ihm kann ich meine Naturverbundenheit und meine Liebe zur Bewegung an der frischen Luft ausleben. Essen und Kochen sind meine Leidenschaften. Die Vielfalt von Obst, Gem\u00fcse, Kr\u00e4utern und Gew\u00fcrzen und deren Wirkungsweise [&hellip;]<\/p>\n","protected":false},"author":2,"featured_media":832,"parent":0,"menu_order":0,"comment_status":"closed","ping_status":"closed","template":"","meta":{"ocean_post_layout":"full-screen","ocean_both_sidebars_style":"","ocean_both_sidebars_content_width":0,"ocean_both_sidebars_sidebars_width":0,"ocean_sidebar":"sidebar-2","ocean_second_sidebar":"0","ocean_disable_margins":"enable","ocean_add_body_class":"","ocean_shortcode_before_top_bar":"","ocean_shortcode_after_top_bar":"","ocean_shortcode_before_header":"","ocean_shortcode_after_header":"","ocean_has_shortcode":"","ocean_shortcode_after_title":"","ocean_shortcode_before_footer_widgets":"","ocean_shortcode_after_footer_widgets":"","ocean_shortcode_before_footer_bottom":"","ocean_shortcode_after_footer_bottom":"","ocean_display_top_bar":"on","ocean_display_header":"on","ocean_header_style":"","ocean_center_header_left_menu":"0","ocean_custom_header_template":"0","ocean_custom_logo":0,"ocean_custom_retina_logo":0,"ocean_custom_logo_max_width":0,"ocean_custom_logo_tablet_max_width":0,"ocean_custom_logo_mobile_max_width":0,"ocean_custom_logo_max_height":0,"ocean_custom_logo_tablet_max_height":0,"ocean_custom_logo_mobile_max_height":0,"ocean_header_custom_menu":"0","ocean_menu_typo_font_family":"0","ocean_menu_typo_font_subset":"","ocean_menu_typo_font_size":0,"ocean_menu_typo_font_size_tablet":0,"ocean_menu_typo_font_size_mobile":0,"ocean_menu_typo_font_size_unit":"px","ocean_menu_typo_font_weight":"","ocean_menu_typo_font_weight_tablet":"","ocean_menu_typo_font_weight_mobile":"","ocean_menu_typo_transform":"","ocean_menu_typo_transform_tablet":"","ocean_menu_typo_transform_mobile":"","ocean_menu_typo_line_height":0,"ocean_menu_typo_line_height_tablet":0,"ocean_menu_typo_line_height_mobile":0,"ocean_menu_typo_line_height_unit":"","ocean_menu_typo_spacing":0,"ocean_menu_typo_spacing_tablet":0,"ocean_menu_typo_spacing_mobile":0,"ocean_menu_typo_spacing_unit":"","ocean_menu_link_color":"","ocean_menu_link_color_hover":"","ocean_menu_link_color_active":"","ocean_menu_link_background":"","ocean_menu_link_hover_background":"","ocean_menu_link_active_background":"","ocean_menu_social_links_bg":"","ocean_menu_social_hover_links_bg":"","ocean_menu_social_links_color":"","ocean_menu_social_hover_links_color":"","ocean_disable_title":"default","ocean_disable_heading":"default","ocean_post_title":"","ocean_post_subheading":"","ocean_post_title_style":"","ocean_post_title_background_color":"","ocean_post_title_background":0,"ocean_post_title_bg_image_position":"","ocean_post_title_bg_image_attachment":"","ocean_post_title_bg_image_repeat":"","ocean_post_title_bg_image_size":"","ocean_post_title_height":0,"ocean_post_title_bg_overlay":0.5,"ocean_post_title_bg_overlay_color":"","ocean_disable_breadcrumbs":"default","ocean_breadcrumbs_color":"","ocean_breadcrumbs_separator_color":"","ocean_breadcrumbs_links_color":"","ocean_breadcrumbs_links_hover_color":"","ocean_display_footer_widgets":"default","ocean_display_footer_bottom":"default","ocean_custom_footer_template":"0","footnotes":""},"class_list":["post-20","page","type-page","status-publish","has-post-thumbnail","hentry","entry","has-media"],"_links":{"self":[{"href":"https:\/\/xn--digest-ernhrungsberatung-zbc.de\/index.php?rest_route=\/wp\/v2\/pages\/20","targetHints":{"allow":["GET"]}}],"collection":[{"href":"https:\/\/xn--digest-ernhrungsberatung-zbc.de\/index.php?rest_route=\/wp\/v2\/pages"}],"about":[{"href":"https:\/\/xn--digest-ernhrungsberatung-zbc.de\/index.php?rest_route=\/wp\/v2\/types\/page"}],"author":[{"embeddable":true,"href":"https:\/\/xn--digest-ernhrungsberatung-zbc.de\/index.php?rest_route=\/wp\/v2\/users\/2"}],"replies":[{"embeddable":true,"href":"https:\/\/xn--digest-ernhrungsberatung-zbc.de\/index.php?rest_route=%2Fwp%2Fv2%2Fcomments&post=20"}],"version-history":[{"count":23,"href":"https:\/\/xn--digest-ernhrungsberatung-zbc.de\/index.php?rest_route=\/wp\/v2\/pages\/20\/revisions"}],"predecessor-version":[{"id":1456,"href":"https:\/\/xn--digest-ernhrungsberatung-zbc.de\/index.php?rest_route=\/wp\/v2\/pages\/20\/revisions\/1456"}],"wp:featuredmedia":[{"embeddable":true,"href":"https:\/\/xn--digest-ernhrungsberatung-zbc.de\/index.php?rest_route=\/wp\/v2\/media\/832"}],"wp:attachment":[{"href":"https:\/\/xn--digest-ernhrungsberatung-zbc.de\/index.php?rest_route=%2Fwp%2Fv2%2Fmedia&parent=20"}],"curies":[{"name":"wp","href":"https:\/\/api.w.org\/{rel}","templated":true}]}}