{"id":355,"date":"2016-09-24T14:40:14","date_gmt":"2016-09-24T14:40:14","guid":{"rendered":"http:\/\/fitness2.mythemecloud.io\/?page_id=355"},"modified":"2020-09-20T18:49:11","modified_gmt":"2020-09-20T16:49:11","slug":"home","status":"publish","type":"page","link":"https:\/\/xn--digest-ernhrungsberatung-zbc.de\/","title":{"rendered":"Home"},"content":{"rendered":"\t\t<div data-elementor-type=\"wp-post\" data-elementor-id=\"355\" class=\"elementor elementor-355\">\n\t\t\t\t\t\t<section class=\"elementor-section elementor-top-section elementor-element elementor-element-2a98ae1 elementor-section-content-middle elementor-section-boxed elementor-section-height-default elementor-section-height-default\" data-id=\"2a98ae1\" data-element_type=\"section\" data-e-type=\"section\">\n\t\t\t\t\t\t<div class=\"elementor-container elementor-column-gap-default\">\n\t\t\t\t\t<div class=\"elementor-column elementor-col-100 elementor-top-column elementor-element elementor-element-2216287\" data-id=\"2216287\" data-element_type=\"column\" data-e-type=\"column\">\n\t\t\t<div class=\"elementor-widget-wrap elementor-element-populated\">\n\t\t\t\t\t\t<div class=\"elementor-element elementor-element-d0b636a elementor-widget elementor-widget-text-editor\" data-id=\"d0b636a\" data-element_type=\"widget\" data-e-type=\"widget\" data-widget_type=\"text-editor.default\">\n\t\t\t\t<div class=\"elementor-widget-container\">\n\t\t\t\t\t\t\t\t\t<h2 class=\"title\" style=\"background-color: transparent; color: #444444; font-size: 36px; font-style: normal; font-variant: normal; font-weight: 400; line-height: 41.76px; margin-bottom: 0px;\"><span style=\"color: #000000;\"><a style=\"color: #000000;\" href=\"https:\/\/digesternaehrungsberatung.tumblr.com\/post\/183469065536\/herzlich-willkommen\">Herzlich willkommen!<\/a><\/span><\/h2><div class=\"body-text\" style=\"background-color: transparent; color: #444444; font-size: 15px; font-style: normal; font-variant: normal; font-weight: 400; line-height: 24px; margin-top: 15px; text-align: left;\"><p style=\"margin-bottom: 0px;\"><span style=\"color: #000000;\">Leiden Sie unter <span style=\"font-weight: bold;\">Allergien oder Lebensmittelunvertr\u00e4glichkeiten<\/span> und haben bisher noch nichts gefunden, was Ihnen Linderung verschafft?<\/span><\/p><p style=\"margin-bottom: 0px; margin-top: 15px;\"><span style=\"color: #000000;\">M\u00f6chten Sie schon l\u00e4nger <span style=\"font-weight: bold;\">\u00fcbersch\u00fcssige Pfunde<\/span> loswerden und ist Ihnen dies bisher irgendwie nicht gelungen?<\/span><\/p><p style=\"margin-bottom: 0px; margin-top: 15px;\"><span style=\"color: #000000;\">Haben Sie <span style=\"font-weight: bold;\">Probleme mit Ihrem Darm<\/span> und sich bisher nicht getraut, mit jemandem offen dar\u00fcber zu sprechen?<\/span><\/p><p style=\"margin-bottom: 0px; margin-top: 15px;\"><span style=\"color: #000000;\">Durchleben Sie eine <span style=\"font-weight: bold;\">Krankheit<\/span> und m\u00f6chten gerne wissen, wie Sie Ihren Heilungsprozess mit einer unterst\u00fctzenden Ern\u00e4hrung vorantreiben k\u00f6nnen?<\/span><\/p><p style=\"margin-bottom: 0px; margin-top: 15px;\"><span style=\"color: #000000;\">Geht es Ihnen generell \u201eganz gut\u201c, aber haben Sie manchmal das Gef\u00fchl, dass Sie <span style=\"font-weight: bold;\">mehr f\u00fcr Ihre Gesundheit und Leistungsf\u00e4higkeit <\/span>tun k\u00f6nnten?<\/span><\/p><p style=\"margin-bottom: 0px; margin-top: 15px;\"><span style=\"color: #000000;\">\u00dcber \u201erichtige Ern\u00e4hrung\u201c wird viel geschrieben, gelesen und gesprochen.<\/span><\/p><p style=\"margin-bottom: 0px; margin-top: 15px;\"><span style=\"color: #000000;\">Aber nicht alles, was dem einen gut tut, ist automatisch das Richtige f\u00fcr den anderen. Jeder von uns hat seine <span style=\"font-weight: bold;\">individuelle Lebens- und Krankheitsgeschichte<\/span> und somit <span style=\"font-weight: bold;\">eigene Bed\u00fcrfnisse an eine ausgewogene Ern\u00e4hrung.<\/span><\/span><\/p><p style=\"margin-bottom: 0px; margin-top: 15px;\"><span style=\"color: #000000;\">Ich bin Kerstin Juratha und m\u00f6chte mit Ihnen <span style=\"font-weight: bold;\">Ihre pers\u00f6nliche Problematik und Ihre bisherige Ern\u00e4hrungsweise<\/span> beleuchten. Entdecken Sie mit mir die f\u00fcr Sie <span style=\"font-weight: bold;\">ma\u00dfgeschneiderte Ern\u00e4hrung.<\/span><\/span><\/p><p style=\"margin-bottom: 0px; margin-top: 15px;\"><span style=\"font-weight: bold; color: #000000;\">\u00a0<\/span><\/p><\/div><h4 style=\"font-weight: 400;\"><span style=\"color: #000000;\"><b>!! <\/b><b>NEU !!<\/b>\u00a0<\/span><\/h4><p style=\"font-weight: 400;\"><span style=\"color: #000000;\">Bestandsaufnahme Ihrer Zellen mit dem <strong>Zell-Check\u00ae Analyseger\u00e4t<\/strong>. Valide Messergebnisse \u2013 f\u00fcr einen pr\u00e4ventiven Gesundheitscheck.\u00a0<\/span><\/p><h4><span style=\"color: #000000;\"><strong>!! NEUE INTERESSANTE PRODUKTE !!<\/strong><\/span><\/h4><p><span style=\"color: #000000;\">Ab sofort k\u00f6nnen Sie direkt bei den Anbietern meiner Produktempfehlungen &#8222;Gesunde Zelle 24&#8220; und &#8222;Biomes&#8220; bestellen.<\/span><\/p><p><span style=\"color: #000000;\">Klicken Sie einfach auf:<\/span><\/p>\t\t\t\t\t\t\t\t<\/div>\n\t\t\t\t<\/div>\n\t\t\t\t<section class=\"elementor-section elementor-inner-section elementor-element elementor-element-82ec50a elementor-section-boxed elementor-section-height-default elementor-section-height-default\" data-id=\"82ec50a\" data-element_type=\"section\" data-e-type=\"section\">\n\t\t\t\t\t\t<div class=\"elementor-container elementor-column-gap-default\">\n\t\t\t\t\t<div class=\"elementor-column elementor-col-50 elementor-inner-column elementor-element elementor-element-21d3225\" data-id=\"21d3225\" data-element_type=\"column\" data-e-type=\"column\">\n\t\t\t<div class=\"elementor-widget-wrap elementor-element-populated\">\n\t\t\t\t\t\t<div class=\"elementor-element elementor-element-c7ced31 elementor-widget elementor-widget-image\" data-id=\"c7ced31\" data-element_type=\"widget\" data-e-type=\"widget\" data-widget_type=\"image.default\">\n\t\t\t\t<div class=\"elementor-widget-container\">\n\t\t\t\t\t\t\t\t\t\t\t\t\t\t\t\t<a href=\"https:\/\/gesundezelle24.com\/ref\/27\/?campaign=DigestKerstinJuratha\">\n\t\t\t\t\t\t\t<img fetchpriority=\"high\" decoding=\"async\" width=\"500\" height=\"199\" src=\"https:\/\/xn--digest-ernhrungsberatung-zbc.de\/wp-content\/uploads\/2020\/09\/Logo_Gesundezelle_500x199.png\" class=\"attachment-medium_large size-medium_large wp-image-1437\" alt=\"\" srcset=\"https:\/\/xn--digest-ernhrungsberatung-zbc.de\/wp-content\/uploads\/2020\/09\/Logo_Gesundezelle_500x199.png 500w, https:\/\/xn--digest-ernhrungsberatung-zbc.de\/wp-content\/uploads\/2020\/09\/Logo_Gesundezelle_500x199-300x119.png 300w\" sizes=\"(max-width: 500px) 100vw, 500px\" \/>\t\t\t\t\t\t\t\t<\/a>\n\t\t\t\t\t\t\t\t\t\t\t\t\t\t\t<\/div>\n\t\t\t\t<\/div>\n\t\t\t\t\t<\/div>\n\t\t<\/div>\n\t\t\t\t<div class=\"elementor-column elementor-col-50 elementor-inner-column elementor-element elementor-element-7bc933b\" data-id=\"7bc933b\" data-element_type=\"column\" data-e-type=\"column\">\n\t\t\t<div class=\"elementor-widget-wrap elementor-element-populated\">\n\t\t\t\t\t\t<div class=\"elementor-element elementor-element-6c0c6e1 elementor-widget elementor-widget-image\" data-id=\"6c0c6e1\" data-element_type=\"widget\" data-e-type=\"widget\" data-widget_type=\"image.default\">\n\t\t\t\t<div class=\"elementor-widget-container\">\n\t\t\t\t\t\t\t\t\t\t\t\t\t\t\t\t<a href=\"https:\/\/biomes.world\/de\/shop\/?wpam_id=72\">\n\t\t\t\t\t\t\t<img decoding=\"async\" width=\"410\" height=\"123\" src=\"https:\/\/xn--digest-ernhrungsberatung-zbc.de\/wp-content\/uploads\/2020\/09\/Logo_Biomes.png\" class=\"attachment-large size-large wp-image-1447\" alt=\"\" srcset=\"https:\/\/xn--digest-ernhrungsberatung-zbc.de\/wp-content\/uploads\/2020\/09\/Logo_Biomes.png 410w, https:\/\/xn--digest-ernhrungsberatung-zbc.de\/wp-content\/uploads\/2020\/09\/Logo_Biomes-300x90.png 300w\" sizes=\"(max-width: 410px) 100vw, 410px\" \/>\t\t\t\t\t\t\t\t<\/a>\n\t\t\t\t\t\t\t\t\t\t\t\t\t\t\t<\/div>\n\t\t\t\t<\/div>\n\t\t\t\t\t<\/div>\n\t\t<\/div>\n\t\t\t\t\t<\/div>\n\t\t<\/section>\n\t\t\t\t<div class=\"elementor-element elementor-element-608a515 elementor-widget-divider--view-line elementor-widget elementor-widget-divider\" data-id=\"608a515\" data-element_type=\"widget\" data-e-type=\"widget\" data-widget_type=\"divider.default\">\n\t\t\t\t<div class=\"elementor-widget-container\">\n\t\t\t\t\t\t\t<div class=\"elementor-divider\">\n\t\t\t<span class=\"elementor-divider-separator\">\n\t\t\t\t\t\t<\/span>\n\t\t<\/div>\n\t\t\t\t\t\t<\/div>\n\t\t\t\t<\/div>\n\t\t\t\t\t<\/div>\n\t\t<\/div>\n\t\t\t\t\t<\/div>\n\t\t<\/section>\n\t\t\t\t<section class=\"elementor-section elementor-top-section elementor-element elementor-element-vnynvjk elementor-section-boxed elementor-section-height-default elementor-section-height-default\" data-id=\"vnynvjk\" data-element_type=\"section\" data-e-type=\"section\">\n\t\t\t\t\t\t<div class=\"elementor-container elementor-column-gap-default\">\n\t\t\t\t\t<div class=\"elementor-column elementor-col-100 elementor-top-column elementor-element elementor-element-pjfmwov\" data-id=\"pjfmwov\" data-element_type=\"column\" data-e-type=\"column\">\n\t\t\t<div class=\"elementor-widget-wrap elementor-element-populated\">\n\t\t\t\t\t\t<div class=\"elementor-element elementor-element-abdsmck elementor-widget elementor-widget-text-editor\" data-id=\"abdsmck\" data-element_type=\"widget\" data-e-type=\"widget\" data-widget_type=\"text-editor.default\">\n\t\t\t\t<div class=\"elementor-widget-container\">\n\t\t\t\t\t\t\t\t\t<h1>&#8222;Deine Nahrungsmittel seien deine Heilmittel&#8220;<\/h1><p style=\"text-align: left;\">\u00a0 \u00a0 \u00a0 \u00a0 \u00a0 \u00a0 \u00a0 \u00a0 \u00a0 \u00a0 \u00a0 \u00a0 \u00a0 \u00a0 \u00a0 \u00a0 \u00a0 \u00a0 \u00a0 \u00a0 \u00a0 \u00a0 \u00a0 \u00a0 \u00a0 \u00a0 \u00a0 \u00a0 \u00a0 \u00a0 \u00a0 \u00a0 \u00a0 \u00a0 \u00a0 \u00a0 \u00a0 \u00a0 \u00a0 \u00a0 &#8211; Hippokrates<\/p>\t\t\t\t\t\t\t\t<\/div>\n\t\t\t\t<\/div>\n\t\t\t\t<div class=\"elementor-element elementor-element-vufcitf elementor-widget-divider--view-line elementor-widget elementor-widget-divider\" data-id=\"vufcitf\" data-element_type=\"widget\" data-e-type=\"widget\" data-widget_type=\"divider.default\">\n\t\t\t\t<div class=\"elementor-widget-container\">\n\t\t\t\t\t\t\t<div class=\"elementor-divider\">\n\t\t\t<span class=\"elementor-divider-separator\">\n\t\t\t\t\t\t<\/span>\n\t\t<\/div>\n\t\t\t\t\t\t<\/div>\n\t\t\t\t<\/div>\n\t\t\t\t<section class=\"elementor-section elementor-inner-section elementor-element elementor-element-wetlkxn elementor-section-boxed elementor-section-height-default elementor-section-height-default\" data-id=\"wetlkxn\" data-element_type=\"section\" data-e-type=\"section\">\n\t\t\t\t\t\t<div class=\"elementor-container elementor-column-gap-default\">\n\t\t\t\t\t<div class=\"elementor-column elementor-col-33 elementor-inner-column elementor-element elementor-element-oiqxoym\" data-id=\"oiqxoym\" data-element_type=\"column\" data-e-type=\"column\">\n\t\t\t<div class=\"elementor-widget-wrap elementor-element-populated\">\n\t\t\t\t\t\t<div class=\"elementor-element elementor-element-cxcmpdt elementor-widget elementor-widget-image\" data-id=\"cxcmpdt\" data-element_type=\"widget\" data-e-type=\"widget\" data-widget_type=\"image.default\">\n\t\t\t\t<div class=\"elementor-widget-container\">\n\t\t\t\t\t\t\t\t\t\t\t\t\t\t\t<img decoding=\"async\" width=\"4288\" height=\"2848\" src=\"https:\/\/xn--digest-ernhrungsberatung-zbc.de\/wp-content\/uploads\/2019\/03\/pomegranate-3383814.jpg\" class=\"attachment-full size-full wp-image-972\" alt=\"\" srcset=\"https:\/\/xn--digest-ernhrungsberatung-zbc.de\/wp-content\/uploads\/2019\/03\/pomegranate-3383814.jpg 4288w, https:\/\/xn--digest-ernhrungsberatung-zbc.de\/wp-content\/uploads\/2019\/03\/pomegranate-3383814-300x199.jpg 300w, https:\/\/xn--digest-ernhrungsberatung-zbc.de\/wp-content\/uploads\/2019\/03\/pomegranate-3383814-768x510.jpg 768w, https:\/\/xn--digest-ernhrungsberatung-zbc.de\/wp-content\/uploads\/2019\/03\/pomegranate-3383814-1024x680.jpg 1024w\" sizes=\"(max-width: 4288px) 100vw, 4288px\" \/>\t\t\t\t\t\t\t\t\t\t\t\t\t\t\t<\/div>\n\t\t\t\t<\/div>\n\t\t\t\t\t<\/div>\n\t\t<\/div>\n\t\t\t\t<div class=\"elementor-column elementor-col-33 elementor-inner-column elementor-element elementor-element-vupdgst\" data-id=\"vupdgst\" data-element_type=\"column\" data-e-type=\"column\">\n\t\t\t<div class=\"elementor-widget-wrap elementor-element-populated\">\n\t\t\t\t\t\t<div class=\"elementor-element elementor-element-klptxbr elementor-widget elementor-widget-image\" data-id=\"klptxbr\" data-element_type=\"widget\" data-e-type=\"widget\" data-widget_type=\"image.default\">\n\t\t\t\t<div class=\"elementor-widget-container\">\n\t\t\t\t\t\t\t\t\t\t\t\t\t\t\t<img loading=\"lazy\" decoding=\"async\" width=\"1920\" height=\"1280\" src=\"https:\/\/xn--digest-ernhrungsberatung-zbc.de\/wp-content\/uploads\/2019\/03\/IMG_4769.jpg\" class=\"attachment-full size-full wp-image-953\" alt=\"\" srcset=\"https:\/\/xn--digest-ernhrungsberatung-zbc.de\/wp-content\/uploads\/2019\/03\/IMG_4769.jpg 1920w, https:\/\/xn--digest-ernhrungsberatung-zbc.de\/wp-content\/uploads\/2019\/03\/IMG_4769-300x200.jpg 300w, https:\/\/xn--digest-ernhrungsberatung-zbc.de\/wp-content\/uploads\/2019\/03\/IMG_4769-768x512.jpg 768w, https:\/\/xn--digest-ernhrungsberatung-zbc.de\/wp-content\/uploads\/2019\/03\/IMG_4769-1024x683.jpg 1024w\" sizes=\"(max-width: 1920px) 100vw, 1920px\" \/>\t\t\t\t\t\t\t\t\t\t\t\t\t\t\t<\/div>\n\t\t\t\t<\/div>\n\t\t\t\t\t<\/div>\n\t\t<\/div>\n\t\t\t\t<div class=\"elementor-column elementor-col-33 elementor-inner-column elementor-element elementor-element-jyhcrvx\" data-id=\"jyhcrvx\" data-element_type=\"column\" data-e-type=\"column\">\n\t\t\t<div class=\"elementor-widget-wrap elementor-element-populated\">\n\t\t\t\t\t\t<div class=\"elementor-element elementor-element-apxfrus elementor-widget elementor-widget-image\" data-id=\"apxfrus\" data-element_type=\"widget\" data-e-type=\"widget\" data-widget_type=\"image.default\">\n\t\t\t\t<div class=\"elementor-widget-container\">\n\t\t\t\t\t\t\t\t\t\t\t\t\t\t\t<img decoding=\"async\" src=\"https:\/\/xn--digest-ernhrungsberatung-zbc.de\/wp-content\/uploads\/elementor\/thumbs\/salad-771056-2-o4x3r0r0ronhsme411q9rpbeg0m0ibcy95yyky0sq6.jpg\" title=\"salad-771056-2\" alt=\"salad-771056-2\" loading=\"lazy\" \/>\t\t\t\t\t\t\t\t\t\t\t\t\t\t\t<\/div>\n\t\t\t\t<\/div>\n\t\t\t\t\t<\/div>\n\t\t<\/div>\n\t\t\t\t\t<\/div>\n\t\t<\/section>\n\t\t\t\t\t<\/div>\n\t\t<\/div>\n\t\t\t\t\t<\/div>\n\t\t<\/section>\n\t\t\t\t<\/div>\n\t\t","protected":false},"excerpt":{"rendered":"<p>Herzlich willkommen! Leiden Sie unter Allergien oder Lebensmittelunvertr\u00e4glichkeiten und haben bisher noch nichts gefunden, was Ihnen Linderung verschafft? M\u00f6chten Sie schon l\u00e4nger \u00fcbersch\u00fcssige Pfunde loswerden und ist Ihnen dies bisher irgendwie nicht gelungen? Haben Sie Probleme mit Ihrem Darm und sich bisher nicht getraut, mit jemandem offen dar\u00fcber zu sprechen? Durchleben Sie eine Krankheit und [&hellip;]<\/p>\n","protected":false},"author":1,"featured_media":0,"parent":0,"menu_order":0,"comment_status":"closed","ping_status":"closed","template":"","meta":{"ocean_post_layout":"full-width","ocean_both_sidebars_style":"","ocean_both_sidebars_content_width":0,"ocean_both_sidebars_sidebars_width":0,"ocean_sidebar":"0","ocean_second_sidebar":"0","ocean_disable_margins":"on","ocean_add_body_class":"","ocean_shortcode_before_top_bar":"","ocean_shortcode_after_top_bar":"","ocean_shortcode_before_header":"","ocean_shortcode_after_header":"","ocean_has_shortcode":"","ocean_shortcode_after_title":"","ocean_shortcode_before_footer_widgets":"","ocean_shortcode_after_footer_widgets":"","ocean_shortcode_before_footer_bottom":"","ocean_shortcode_after_footer_bottom":"","ocean_display_top_bar":"default","ocean_display_header":"default","ocean_header_style":"","ocean_center_header_left_menu":"0","ocean_custom_header_template":"0","ocean_custom_logo":0,"ocean_custom_retina_logo":0,"ocean_custom_logo_max_width":0,"ocean_custom_logo_tablet_max_width":0,"ocean_custom_logo_mobile_max_width":0,"ocean_custom_logo_max_height":0,"ocean_custom_logo_tablet_max_height":0,"ocean_custom_logo_mobile_max_height":0,"ocean_header_custom_menu":"0","ocean_menu_typo_font_family":"0","ocean_menu_typo_font_subset":"","ocean_menu_typo_font_size":0,"ocean_menu_typo_font_size_tablet":0,"ocean_menu_typo_font_size_mobile":0,"ocean_menu_typo_font_size_unit":"px","ocean_menu_typo_font_weight":"","ocean_menu_typo_font_weight_tablet":"","ocean_menu_typo_font_weight_mobile":"","ocean_menu_typo_transform":"","ocean_menu_typo_transform_tablet":"","ocean_menu_typo_transform_mobile":"","ocean_menu_typo_line_height":0,"ocean_menu_typo_line_height_tablet":0,"ocean_menu_typo_line_height_mobile":0,"ocean_menu_typo_line_height_unit":"","ocean_menu_typo_spacing":0,"ocean_menu_typo_spacing_tablet":0,"ocean_menu_typo_spacing_mobile":0,"ocean_menu_typo_spacing_unit":"","ocean_menu_link_color":"","ocean_menu_link_color_hover":"","ocean_menu_link_color_active":"","ocean_menu_link_background":"","ocean_menu_link_hover_background":"","ocean_menu_link_active_background":"","ocean_menu_social_links_bg":"","ocean_menu_social_hover_links_bg":"","ocean_menu_social_links_color":"","ocean_menu_social_hover_links_color":"","ocean_disable_title":"on","ocean_disable_heading":"default","ocean_post_title":"","ocean_post_subheading":"","ocean_post_title_style":"","ocean_post_title_background_color":"","ocean_post_title_background":0,"ocean_post_title_bg_image_position":"","ocean_post_title_bg_image_attachment":"","ocean_post_title_bg_image_repeat":"","ocean_post_title_bg_image_size":"","ocean_post_title_height":0,"ocean_post_title_bg_overlay":0.5,"ocean_post_title_bg_overlay_color":"","ocean_disable_breadcrumbs":"default","ocean_breadcrumbs_color":"","ocean_breadcrumbs_separator_color":"","ocean_breadcrumbs_links_color":"","ocean_breadcrumbs_links_hover_color":"","ocean_display_footer_widgets":"default","ocean_display_footer_bottom":"default","ocean_custom_footer_template":"0","footnotes":""},"class_list":["post-355","page","type-page","status-publish","hentry","entry"],"_links":{"self":[{"href":"https:\/\/xn--digest-ernhrungsberatung-zbc.de\/index.php?rest_route=\/wp\/v2\/pages\/355","targetHints":{"allow":["GET"]}}],"collection":[{"href":"https:\/\/xn--digest-ernhrungsberatung-zbc.de\/index.php?rest_route=\/wp\/v2\/pages"}],"about":[{"href":"https:\/\/xn--digest-ernhrungsberatung-zbc.de\/index.php?rest_route=\/wp\/v2\/types\/page"}],"author":[{"embeddable":true,"href":"https:\/\/xn--digest-ernhrungsberatung-zbc.de\/index.php?rest_route=\/wp\/v2\/users\/1"}],"replies":[{"embeddable":true,"href":"https:\/\/xn--digest-ernhrungsberatung-zbc.de\/index.php?rest_route=%2Fwp%2Fv2%2Fcomments&post=355"}],"version-history":[{"count":37,"href":"https:\/\/xn--digest-ernhrungsberatung-zbc.de\/index.php?rest_route=\/wp\/v2\/pages\/355\/revisions"}],"predecessor-version":[{"id":1453,"href":"https:\/\/xn--digest-ernhrungsberatung-zbc.de\/index.php?rest_route=\/wp\/v2\/pages\/355\/revisions\/1453"}],"wp:attachment":[{"href":"https:\/\/xn--digest-ernhrungsberatung-zbc.de\/index.php?rest_route=%2Fwp%2Fv2%2Fmedia&parent=355"}],"curies":[{"name":"wp","href":"https:\/\/api.w.org\/{rel}","templated":true}]}}