{"id":858,"date":"2019-03-15T15:57:38","date_gmt":"2019-03-15T15:57:38","guid":{"rendered":"http:\/\/xn--darm-ernhrungsberatung-74b.de\/?page_id=858"},"modified":"2019-11-02T15:31:51","modified_gmt":"2019-11-02T14:31:51","slug":"angebote","status":"publish","type":"page","link":"https:\/\/xn--digest-ernhrungsberatung-zbc.de\/?page_id=858","title":{"rendered":"Mein Angebot"},"content":{"rendered":"\t\t<div data-elementor-type=\"wp-post\" data-elementor-id=\"858\" class=\"elementor elementor-858\">\n\t\t\t\t\t\t<section class=\"elementor-section elementor-top-section elementor-element elementor-element-1797de66 elementor-section-boxed elementor-section-height-default elementor-section-height-default\" data-id=\"1797de66\" data-element_type=\"section\" data-e-type=\"section\">\n\t\t\t\t\t\t<div class=\"elementor-container elementor-column-gap-default\">\n\t\t\t\t\t<div class=\"elementor-column elementor-col-100 elementor-top-column elementor-element elementor-element-3ab5da05\" data-id=\"3ab5da05\" data-element_type=\"column\" data-e-type=\"column\">\n\t\t\t<div class=\"elementor-widget-wrap elementor-element-populated\">\n\t\t\t\t\t\t<div class=\"elementor-element elementor-element-3f0cebfd elementor-widget elementor-widget-text-editor\" data-id=\"3f0cebfd\" data-element_type=\"widget\" data-e-type=\"widget\" data-widget_type=\"text-editor.default\">\n\t\t\t\t<div class=\"elementor-widget-container\">\n\t\t\t\t\t\t\t\t\t<p><\/p>\n<h5><a href=\"https:\/\/xn--digest-ernhrungsberatung-zbc.de\/?page_id=1204\"><span style=\"color: #000000;\"><strong>Ganzheitliche, individuelle Ern\u00e4hrungsberatung<\/strong><\/span><\/a><\/h5>\n<ul class=\"wp-block-list\">\n<li><span style=\"color: #000000;\">ausf\u00fchrliches Erstgespr\u00e4ch mit Anamnese<\/span><\/li>\n<li style=\"font-size: 15px;\"><span style=\"font-size: 15px; color: #000000;\"><span style=\"font-size: 15px;\">Ern\u00e4hrungscoaching<\/span><\/span><\/li>\n<li><span style=\"color: #000000;\">K\u00fchlschrank-Check<\/span><\/li>\n<li style=\"font-size: 15px;\"><span style=\"font-size: 15px; color: #000000;\">Einkaufsbegleitung<\/span><\/li>\n<\/ul>\n<p><a href=\"https:\/\/xn--digest-ernhrungsberatung-zbc.de\/?page_id=1210\"><span style=\"color: #000000;\"><strong style=\"font-size: 15px;\">Darm-Fachberatung<\/strong><\/span><\/a><\/p>\n<ul>\n<li aria-setsize=\"-1\" data-leveltext=\"-\" data-font=\"inherit\" data-listid=\"1\" data-aria-posinset=\"0\" data-aria-level=\"2\"><span style=\"color: #000000;\">Darmfloraanalyse durch Mikrobiomtest\u00a0<\/span><\/li>\n<li><span style=\"color: #000000;\">Darmkuren<\/span><\/li>\n<li aria-setsize=\"-1\" data-leveltext=\"-\" data-font=\"inherit\" data-listid=\"1\" data-aria-posinset=\"0\" data-aria-level=\"2\"><span style=\"color: #000000;\">Ern\u00e4hrungstherapien\u00a0<\/span><\/li>\n<\/ul>\n<p><a href=\"https:\/\/xn--digest-ernhrungsberatung-zbc.de\/?page_id=1208\"><span style=\"color: #000000;\"><b>Fu\u00dfreflexzonenmassage<\/b>\u00a0<\/span><\/a><\/p>\n<ul>\n<li aria-setsize=\"-1\" data-leveltext=\"-\" data-font=\"inherit\" data-listid=\"1\" data-aria-posinset=\"0\" data-aria-level=\"2\"><span style=\"color: #000000;\">Aktivierung der K\u00f6rperorgane \u00fcber die F\u00fc\u00dfe\u00a0<\/span><\/li>\n<\/ul>\n<p><a href=\"https:\/\/xn--digest-ernhrungsberatung-zbc.de\/?page_id=1206\"><span style=\"color: #000000;\"><b>Zell-Check\u00ae <\/b><b>M<\/b><b>essung<\/b>\u00a0<\/span><\/a><\/p>\n<ul>\n<li aria-setsize=\"-1\" data-leveltext=\"-\" data-font=\"inherit\" data-listid=\"1\" data-aria-posinset=\"0\" data-aria-level=\"2\"><span style=\"color: #000000;\">Inventur der Zelle\u00a0<\/span><\/li>\n<li aria-setsize=\"-1\" data-leveltext=\"-\" data-font=\"inherit\" data-listid=\"1\" data-aria-posinset=\"0\" data-aria-level=\"2\"><span style=\"color: #000000;\" data-contrast=\"none\">Vitalstoffcheck ohne Blutentnahme<\/span><\/li>\n<\/ul>\n<div><span style=\"color: #000000;\"><b>Gerne erkl\u00e4re ich Ihnen die einzelnen Schritte in einem f\u00fcr Sie unverbindlichen Telefonat.<\/b><\/span><\/div>\n<p><\/p>\t\t\t\t\t\t\t\t<\/div>\n\t\t\t\t<\/div>\n\t\t\t\t\t<\/div>\n\t\t<\/div>\n\t\t\t\t\t<\/div>\n\t\t<\/section>\n\t\t\t\t<section class=\"elementor-section elementor-top-section elementor-element elementor-element-bd643a8 elementor-section-boxed elementor-section-height-default elementor-section-height-default\" data-id=\"bd643a8\" data-element_type=\"section\" data-e-type=\"section\">\n\t\t\t\t\t\t<div class=\"elementor-container elementor-column-gap-default\">\n\t\t\t\t\t<div class=\"elementor-column elementor-col-100 elementor-top-column elementor-element elementor-element-d255923\" data-id=\"d255923\" data-element_type=\"column\" data-e-type=\"column\">\n\t\t\t<div class=\"elementor-widget-wrap elementor-element-populated\">\n\t\t\t\t\t\t<div class=\"elementor-element elementor-element-d76d1b3 elementor-widget elementor-widget-image\" data-id=\"d76d1b3\" data-element_type=\"widget\" data-e-type=\"widget\" data-widget_type=\"image.default\">\n\t\t\t\t<div class=\"elementor-widget-container\">\n\t\t\t\t\t\t\t\t\t\t\t\t\t\t\t<img fetchpriority=\"high\" decoding=\"async\" width=\"1024\" height=\"448\" src=\"https:\/\/xn--digest-ernhrungsberatung-zbc.de\/wp-content\/uploads\/2019\/03\/food-3074026-e1553790804612-1024x448.jpg\" class=\"attachment-large size-large wp-image-931\" alt=\"\" srcset=\"https:\/\/xn--digest-ernhrungsberatung-zbc.de\/wp-content\/uploads\/2019\/03\/food-3074026-e1553790804612-1024x448.jpg 1024w, https:\/\/xn--digest-ernhrungsberatung-zbc.de\/wp-content\/uploads\/2019\/03\/food-3074026-e1553790804612-300x131.jpg 300w, https:\/\/xn--digest-ernhrungsberatung-zbc.de\/wp-content\/uploads\/2019\/03\/food-3074026-e1553790804612-768x336.jpg 768w\" sizes=\"(max-width: 1024px) 100vw, 1024px\" \/>\t\t\t\t\t\t\t\t\t\t\t\t\t\t\t<\/div>\n\t\t\t\t<\/div>\n\t\t\t\t\t<\/div>\n\t\t<\/div>\n\t\t\t\t\t<\/div>\n\t\t<\/section>\n\t\t\t\t<\/div>\n\t\t","protected":false},"excerpt":{"rendered":"<p>Ganzheitliche, individuelle Ern\u00e4hrungsberatung ausf\u00fchrliches Erstgespr\u00e4ch mit Anamnese Ern\u00e4hrungscoaching K\u00fchlschrank-Check Einkaufsbegleitung Darm-Fachberatung Darmfloraanalyse durch Mikrobiomtest\u00a0 Darmkuren Ern\u00e4hrungstherapien\u00a0 Fu\u00dfreflexzonenmassage\u00a0 Aktivierung der K\u00f6rperorgane \u00fcber die F\u00fc\u00dfe\u00a0 Zell-Check\u00ae Messung\u00a0 Inventur der Zelle\u00a0 Vitalstoffcheck ohne Blutentnahme Gerne erkl\u00e4re ich Ihnen die einzelnen Schritte in einem f\u00fcr Sie unverbindlichen Telefonat.<\/p>\n","protected":false},"author":1,"featured_media":0,"parent":0,"menu_order":0,"comment_status":"closed","ping_status":"closed","template":"","meta":{"ocean_post_layout":"full-width","ocean_both_sidebars_style":"","ocean_both_sidebars_content_width":0,"ocean_both_sidebars_sidebars_width":0,"ocean_sidebar":"sidebar-2","ocean_second_sidebar":"0","ocean_disable_margins":"enable","ocean_add_body_class":"","ocean_shortcode_before_top_bar":"","ocean_shortcode_after_top_bar":"","ocean_shortcode_before_header":"","ocean_shortcode_after_header":"","ocean_has_shortcode":"","ocean_shortcode_after_title":"","ocean_shortcode_before_footer_widgets":"","ocean_shortcode_after_footer_widgets":"","ocean_shortcode_before_footer_bottom":"","ocean_shortcode_after_footer_bottom":"","ocean_display_top_bar":"default","ocean_display_header":"default","ocean_header_style":"","ocean_center_header_left_menu":"0","ocean_custom_header_template":"0","ocean_custom_logo":0,"ocean_custom_retina_logo":0,"ocean_custom_logo_max_width":0,"ocean_custom_logo_tablet_max_width":0,"ocean_custom_logo_mobile_max_width":0,"ocean_custom_logo_max_height":0,"ocean_custom_logo_tablet_max_height":0,"ocean_custom_logo_mobile_max_height":0,"ocean_header_custom_menu":"0","ocean_menu_typo_font_family":"0","ocean_menu_typo_font_subset":"","ocean_menu_typo_font_size":0,"ocean_menu_typo_font_size_tablet":0,"ocean_menu_typo_font_size_mobile":0,"ocean_menu_typo_font_size_unit":"px","ocean_menu_typo_font_weight":"","ocean_menu_typo_font_weight_tablet":"","ocean_menu_typo_font_weight_mobile":"","ocean_menu_typo_transform":"","ocean_menu_typo_transform_tablet":"","ocean_menu_typo_transform_mobile":"","ocean_menu_typo_line_height":0,"ocean_menu_typo_line_height_tablet":0,"ocean_menu_typo_line_height_mobile":0,"ocean_menu_typo_line_height_unit":"","ocean_menu_typo_spacing":0,"ocean_menu_typo_spacing_tablet":0,"ocean_menu_typo_spacing_mobile":0,"ocean_menu_typo_spacing_unit":"","ocean_menu_link_color":"","ocean_menu_link_color_hover":"","ocean_menu_link_color_active":"","ocean_menu_link_background":"","ocean_menu_link_hover_background":"","ocean_menu_link_active_background":"","ocean_menu_social_links_bg":"","ocean_menu_social_hover_links_bg":"","ocean_menu_social_links_color":"","ocean_menu_social_hover_links_color":"","ocean_disable_title":"default","ocean_disable_heading":"default","ocean_post_title":"","ocean_post_subheading":"","ocean_post_title_style":"","ocean_post_title_background_color":"","ocean_post_title_background":0,"ocean_post_title_bg_image_position":"","ocean_post_title_bg_image_attachment":"","ocean_post_title_bg_image_repeat":"","ocean_post_title_bg_image_size":"","ocean_post_title_height":0,"ocean_post_title_bg_overlay":0.5,"ocean_post_title_bg_overlay_color":"","ocean_disable_breadcrumbs":"default","ocean_breadcrumbs_color":"","ocean_breadcrumbs_separator_color":"","ocean_breadcrumbs_links_color":"","ocean_breadcrumbs_links_hover_color":"","ocean_display_footer_widgets":"default","ocean_display_footer_bottom":"default","ocean_custom_footer_template":"0","footnotes":""},"class_list":["post-858","page","type-page","status-publish","hentry","entry"],"_links":{"self":[{"href":"https:\/\/xn--digest-ernhrungsberatung-zbc.de\/index.php?rest_route=\/wp\/v2\/pages\/858","targetHints":{"allow":["GET"]}}],"collection":[{"href":"https:\/\/xn--digest-ernhrungsberatung-zbc.de\/index.php?rest_route=\/wp\/v2\/pages"}],"about":[{"href":"https:\/\/xn--digest-ernhrungsberatung-zbc.de\/index.php?rest_route=\/wp\/v2\/types\/page"}],"author":[{"embeddable":true,"href":"https:\/\/xn--digest-ernhrungsberatung-zbc.de\/index.php?rest_route=\/wp\/v2\/users\/1"}],"replies":[{"embeddable":true,"href":"https:\/\/xn--digest-ernhrungsberatung-zbc.de\/index.php?rest_route=%2Fwp%2Fv2%2Fcomments&post=858"}],"version-history":[{"count":14,"href":"https:\/\/xn--digest-ernhrungsberatung-zbc.de\/index.php?rest_route=\/wp\/v2\/pages\/858\/revisions"}],"predecessor-version":[{"id":1230,"href":"https:\/\/xn--digest-ernhrungsberatung-zbc.de\/index.php?rest_route=\/wp\/v2\/pages\/858\/revisions\/1230"}],"wp:attachment":[{"href":"https:\/\/xn--digest-ernhrungsberatung-zbc.de\/index.php?rest_route=%2Fwp%2Fv2%2Fmedia&parent=858"}],"curies":[{"name":"wp","href":"https:\/\/api.w.org\/{rel}","templated":true}]}}