{"id":859,"date":"2019-03-15T15:57:38","date_gmt":"2019-03-15T15:57:38","guid":{"rendered":"http:\/\/xn--darm-ernhrungsberatung-74b.de\/?page_id=859"},"modified":"2025-02-18T20:40:04","modified_gmt":"2025-02-18T19:40:04","slug":"kontakt","status":"publish","type":"page","link":"https:\/\/xn--digest-ernhrungsberatung-zbc.de\/?page_id=859","title":{"rendered":"Kontakt"},"content":{"rendered":"\t\t<div data-elementor-type=\"wp-post\" data-elementor-id=\"859\" class=\"elementor elementor-859\">\n\t\t\t\t\t\t<section class=\"elementor-section elementor-top-section elementor-element elementor-element-57807bf elementor-section-boxed elementor-section-height-default elementor-section-height-default\" data-id=\"57807bf\" data-element_type=\"section\" data-e-type=\"section\">\n\t\t\t\t\t\t<div class=\"elementor-container elementor-column-gap-default\">\n\t\t\t\t\t<div class=\"elementor-column elementor-col-50 elementor-top-column elementor-element elementor-element-39472f6\" data-id=\"39472f6\" data-element_type=\"column\" data-e-type=\"column\">\n\t\t\t<div class=\"elementor-widget-wrap elementor-element-populated\">\n\t\t\t\t\t\t<div class=\"elementor-element elementor-element-394bf5f elementor-widget elementor-widget-text-editor\" data-id=\"394bf5f\" data-element_type=\"widget\" data-e-type=\"widget\" data-widget_type=\"text-editor.default\">\n\t\t\t\t<div class=\"elementor-widget-container\">\n\t\t\t\t\t\t\t\t\t<p class=\"MsoNormal\" style=\"margin-bottom: 0.0001pt; font-variant-ligatures: normal; font-variant-caps: normal; line-height: normal; font-family: 'Roboto Slab'; font-size: 15px; font-style: normal; font-weight: 400; color: #000000; text-align: center; background-image: initial; background-position: initial; background-size: initial; background-repeat: initial; background-attachment: initial; background-origin: initial; background-clip: initial;\" align=\"center\"><span style=\"font-size: 15px; font-weight: bold;\"><span style=\"padding: 0cm; font-family: 'Roboto Slab', serif; font-size: 17.5pt; border: 1pt none windowtext;\">Kerstin Juratha<\/span><\/span><\/p><p class=\"MsoNormal\" style=\"margin-bottom: 0.0001pt; font-variant-ligatures: normal; font-variant-caps: normal; line-height: normal; font-family: 'Roboto Slab'; font-size: 15px; font-style: normal; font-weight: 400; color: #000000; text-align: center; background-image: initial; background-position: initial; background-size: initial; background-repeat: initial; background-attachment: initial; background-origin: initial; background-clip: initial;\" align=\"center\"><span style=\"font-size: 15px; font-weight: bold;\"><span style=\"padding: 0cm; font-family: 'Roboto Slab', serif; font-size: 17.5pt; border: 1pt none windowtext;\">\u00a0<\/span><\/span><\/p><p class=\"MsoNormal\" style=\"margin-bottom: 0.0001pt; font-variant-ligatures: normal; font-variant-caps: normal; line-height: normal; font-family: 'Roboto Slab'; font-size: 15px; font-style: normal; font-weight: 400; color: #000000; background-image: initial; background-position: initial; background-size: initial; background-repeat: initial; background-attachment: initial; background-origin: initial; background-clip: initial;\" align=\"center\"><span style=\"font-size: 15px; font-weight: bold;\"><span style=\"padding: 0cm; font-family: 'Roboto Slab', serif; font-size: 10.5pt; border: 1pt none windowtext;\">Ern\u00e4hrungscoaching &amp; Darmfachberatung<\/span><\/span><\/p><p class=\"MsoNormal\" style=\"margin-bottom: 0.0001pt; font-variant-ligatures: normal; font-variant-caps: normal; line-height: normal; font-family: 'Roboto Slab'; font-size: 15px; font-style: normal; font-weight: 400; color: #000000; background-image: initial; background-position: initial; background-size: initial; background-repeat: initial; background-attachment: initial; background-origin: initial; background-clip: initial;\" align=\"center\"><span style=\"font-size: 15px; font-weight: bold;\"><span style=\"padding: 0cm; font-family: 'Roboto Slab', serif; font-size: 10.5pt; border: 1pt none windowtext;\">\u00a0<\/span><\/span><\/p><p class=\"MsoNormal\" style=\"margin-bottom: 0.0001pt; font-variant-ligatures: normal; font-variant-caps: normal; line-height: normal; font-family: 'Roboto Slab'; font-size: 15px; font-style: normal; font-weight: 400; color: #000000; background-image: initial; background-position: initial; background-size: initial; background-repeat: initial; background-attachment: initial; background-origin: initial; background-clip: initial;\" align=\"center\"><span style=\"padding: 0cm; font-family: 'Roboto Slab', serif; font-size: 11.5pt; border: 1pt none windowtext;\">Tel +49 (89) 63852550 &#8211; Mobil +49 (171) 371 85 85<\/span><span style=\"font-family: 'Roboto Slab', serif; font-size: 11.5pt;\">\u00a0<\/span><\/p><p class=\"MsoNormal\" style=\"margin-bottom: 0.0001pt; font-variant-ligatures: normal; font-variant-caps: normal; line-height: normal; font-family: 'Roboto Slab'; font-size: 15px; font-style: normal; font-weight: 400; color: #000000; background-image: initial; background-position: initial; background-size: initial; background-repeat: initial; background-attachment: initial; background-origin: initial; background-clip: initial;\" align=\"center\"><span style=\"padding: 0cm; font-family: 'Roboto Slab', serif; font-size: 11.5pt; border: 1pt none windowtext;\">digest@juratha.de<\/span><\/p>\t\t\t\t\t\t\t\t<\/div>\n\t\t\t\t<\/div>\n\t\t\t\t\t<\/div>\n\t\t<\/div>\n\t\t\t\t<div class=\"elementor-column elementor-col-50 elementor-top-column elementor-element elementor-element-9402b39\" data-id=\"9402b39\" data-element_type=\"column\" data-e-type=\"column\">\n\t\t\t<div class=\"elementor-widget-wrap elementor-element-populated\">\n\t\t\t\t\t\t<div class=\"elementor-element elementor-element-102b30f elementor-widget elementor-widget-image\" data-id=\"102b30f\" data-element_type=\"widget\" data-e-type=\"widget\" data-widget_type=\"image.default\">\n\t\t\t\t<div class=\"elementor-widget-container\">\n\t\t\t\t\t\t\t\t\t\t\t\t\t\t\t<img decoding=\"async\" width=\"300\" height=\"109\" src=\"https:\/\/xn--digest-ernhrungsberatung-zbc.de\/wp-content\/uploads\/2019\/03\/1224_D-I-G-E-S-T_C_01-e1553892072999-300x109.png\" class=\"attachment-medium size-medium wp-image-62\" alt=\"\" srcset=\"https:\/\/xn--digest-ernhrungsberatung-zbc.de\/wp-content\/uploads\/2019\/03\/1224_D-I-G-E-S-T_C_01-e1553892072999-300x109.png 300w, https:\/\/xn--digest-ernhrungsberatung-zbc.de\/wp-content\/uploads\/2019\/03\/1224_D-I-G-E-S-T_C_01-e1553892072999-768x279.png 768w, https:\/\/xn--digest-ernhrungsberatung-zbc.de\/wp-content\/uploads\/2019\/03\/1224_D-I-G-E-S-T_C_01-e1553892072999-1024x372.png 1024w\" sizes=\"(max-width: 300px) 100vw, 300px\" \/>\t\t\t\t\t\t\t\t\t\t\t\t\t\t\t<\/div>\n\t\t\t\t<\/div>\n\t\t\t\t\t<\/div>\n\t\t<\/div>\n\t\t\t\t\t<\/div>\n\t\t<\/section>\n\t\t\t\t<section class=\"elementor-section elementor-top-section elementor-element elementor-element-98f9476 elementor-section-content-middle elementor-section-boxed elementor-section-height-default elementor-section-height-default\" data-id=\"98f9476\" data-element_type=\"section\" data-e-type=\"section\">\n\t\t\t\t\t\t<div class=\"elementor-container elementor-column-gap-default\">\n\t\t\t\t\t<div class=\"elementor-column elementor-col-100 elementor-top-column elementor-element elementor-element-4a39f3d\" data-id=\"4a39f3d\" data-element_type=\"column\" data-e-type=\"column\">\n\t\t\t<div class=\"elementor-widget-wrap elementor-element-populated\">\n\t\t\t\t\t\t<div class=\"elementor-element elementor-element-9c050a9 elementor-widget elementor-widget-text-editor\" data-id=\"9c050a9\" data-element_type=\"widget\" data-e-type=\"widget\" data-widget_type=\"text-editor.default\">\n\t\t\t\t<div class=\"elementor-widget-container\">\n\t\t\t\t\t\t\t\t\t<p style=\"text-align: center;\"><span style=\"color: #000000; font-family: 'Roboto Slab', serif; font-size: 14px; font-style: normal; font-variant-ligatures: normal; font-variant-caps: normal; text-align: -webkit-center;\">\u00a0<\/span><\/p><p style=\"text-align: center;\"><span style=\"color: #000000; font-family: 'Roboto Slab', serif; font-size: 14px; font-style: normal; font-variant-ligatures: normal; font-variant-caps: normal; text-align: -webkit-center;\">Ich berate Sie gerne in der Praxis f\u00fcr Naturheilkunde und Physiotherapie von Markus Einolf, Eversbuschstra\u00dfe 138, 80999 M\u00fcnchen. -&gt;\u00a0 <\/span><span style=\"text-decoration: underline; color: #3366ff;\"><a style=\"color: #3366ff;\" href=\"http:\/\/www.markuseinolf.de\"><span style=\"font-family: 'Roboto Slab', serif; font-size: 14px; font-style: normal; font-variant-ligatures: normal; font-variant-caps: normal; text-align: -webkit-center;\">www.markuseinolf.de<\/span><\/a><\/span><\/p>\t\t\t\t\t\t\t\t<\/div>\n\t\t\t\t<\/div>\n\t\t\t\t\t<\/div>\n\t\t<\/div>\n\t\t\t\t\t<\/div>\n\t\t<\/section>\n\t\t\t\t<section class=\"elementor-section elementor-top-section elementor-element elementor-element-3f956e4 elementor-section-boxed elementor-section-height-default elementor-section-height-default\" data-id=\"3f956e4\" data-element_type=\"section\" data-e-type=\"section\">\n\t\t\t\t\t\t<div class=\"elementor-container elementor-column-gap-default\">\n\t\t\t\t\t<div class=\"elementor-column elementor-col-100 elementor-top-column elementor-element elementor-element-3a0b4cb\" data-id=\"3a0b4cb\" data-element_type=\"column\" data-e-type=\"column\">\n\t\t\t<div class=\"elementor-widget-wrap elementor-element-populated\">\n\t\t\t\t\t\t<div class=\"elementor-element elementor-element-afb3c00 elementor-widget elementor-widget-wpforms\" data-id=\"afb3c00\" data-element_type=\"widget\" data-e-type=\"widget\" data-widget_type=\"wpforms.default\">\n\t\t\t\t<div class=\"elementor-widget-container\">\n\t\t\t\t\t<div class=\"wpforms-container wpforms-container-full wpforms-render-modern\" id=\"wpforms-1480\"><form id=\"wpforms-form-1480\" class=\"wpforms-validate wpforms-form wpforms-ajax-form\" data-formid=\"1480\" method=\"post\" enctype=\"multipart\/form-data\" action=\"\/index.php?rest_route=%2Fwp%2Fv2%2Fpages%2F859\" data-token=\"2a92144372edffd621543ea32636df26\" data-token-time=\"1778848259\"><noscript class=\"wpforms-error-noscript\">Bitte aktiviere JavaScript in deinem Browser, um dieses Formular fertigzustellen.<\/noscript><div id=\"wpforms-error-noscript\" style=\"display: none;\">Bitte aktiviere JavaScript in deinem Browser, um dieses Formular fertigzustellen.<\/div><div class=\"wpforms-field-container\">\t\t<div id=\"wpforms-1480-field_4-container\"\n\t\t\tclass=\"wpforms-field wpforms-field-text\"\n\t\t\tdata-field-type=\"text\"\n\t\t\tdata-field-id=\"4\"\n\t\t\t>\n\t\t\t<label class=\"wpforms-field-label\" for=\"wpforms-1480-field_4\" >E-Mail-Adresse Nachricht oder<\/label>\n\t\t\t<input type=\"text\" id=\"wpforms-1480-field_4\" class=\"wpforms-field-medium\" name=\"wpforms[fields][4]\" >\n\t\t<\/div>\n\t\t<div id=\"wpforms-1480-field_1-container\" class=\"wpforms-field wpforms-field-name\" data-field-id=\"1\"><fieldset><legend class=\"wpforms-field-label\">Name <span class=\"wpforms-required-label\" aria-hidden=\"true\">*<\/span><\/legend><div class=\"wpforms-field-row wpforms-field-medium\"><div class=\"wpforms-field-row-block wpforms-first wpforms-one-half\"><input type=\"text\" id=\"wpforms-1480-field_1\" class=\"wpforms-field-name-first wpforms-field-required\" name=\"wpforms[fields][1][first]\" aria-errormessage=\"wpforms-1480-field_1-error\" required><label for=\"wpforms-1480-field_1\" class=\"wpforms-field-sublabel after\">Vorname<\/label><\/div><div class=\"wpforms-field-row-block wpforms-one-half\"><input type=\"text\" id=\"wpforms-1480-field_1-last\" class=\"wpforms-field-name-last wpforms-field-required\" name=\"wpforms[fields][1][last]\" aria-errormessage=\"wpforms-1480-field_1-last-error\" required><label for=\"wpforms-1480-field_1-last\" class=\"wpforms-field-sublabel after\">Nachname<\/label><\/div><\/div><\/fieldset><\/div><div id=\"wpforms-1480-field_2-container\" class=\"wpforms-field wpforms-field-email\" data-field-id=\"2\"><label class=\"wpforms-field-label\" for=\"wpforms-1480-field_2\">E-Mail-Adresse <span class=\"wpforms-required-label\" aria-hidden=\"true\">*<\/span><\/label><input type=\"email\" id=\"wpforms-1480-field_2\" class=\"wpforms-field-medium wpforms-field-required\" name=\"wpforms[fields][2]\" spellcheck=\"false\" aria-errormessage=\"wpforms-1480-field_2-error\" required><\/div><div id=\"wpforms-1480-field_3-container\" class=\"wpforms-field wpforms-field-textarea\" data-field-id=\"3\"><label class=\"wpforms-field-label\" for=\"wpforms-1480-field_3\">Kommentar oder Nachricht<\/label><textarea id=\"wpforms-1480-field_3\" class=\"wpforms-field-medium\" name=\"wpforms[fields][3]\" aria-errormessage=\"wpforms-1480-field_3-error\" ><\/textarea><\/div><script>\n\t\t\t\t( function() {\n\t\t\t\t\tconst style = document.createElement( 'style' );\n\t\t\t\t\tstyle.appendChild( document.createTextNode( '#wpforms-1480-field_4-container { position: absolute !important; overflow: hidden !important; display: inline !important; height: 1px !important; width: 1px !important; z-index: -1000 !important; padding: 0 !important; } #wpforms-1480-field_4-container input { visibility: hidden; } #wpforms-conversational-form-page #wpforms-1480-field_4-container label { counter-increment: none; }' ) );\n\t\t\t\t\tdocument.head.appendChild( style );\n\t\t\t\t\tdocument.currentScript?.remove();\n\t\t\t\t} )();\n\t\t\t<\/script><\/div><!-- .wpforms-field-container --><div class=\"wpforms-submit-container\" ><input type=\"hidden\" name=\"wpforms[id]\" value=\"1480\"><input type=\"hidden\" name=\"page_title\" value=\"\"><input type=\"hidden\" name=\"page_url\" value=\"https:\/\/xn--digest-ernhrungsberatung-zbc.de\/index.php?rest_route=\/wp\/v2\/pages\/859\"><input type=\"hidden\" name=\"url_referer\" value=\"\"><button type=\"submit\" name=\"wpforms[submit]\" id=\"wpforms-submit-1480\" class=\"wpforms-submit\" data-alt-text=\"Wird gesendet\u00a0\u2026\" data-submit-text=\"Absenden\" aria-live=\"assertive\" value=\"wpforms-submit\">Absenden<\/button><img decoding=\"async\" src=\"https:\/\/xn--digest-ernhrungsberatung-zbc.de\/wp-content\/plugins\/wpforms-lite\/assets\/images\/submit-spin.svg\" class=\"wpforms-submit-spinner\" style=\"display: none;\" width=\"26\" height=\"26\" alt=\"Wird geladen\"><\/div><\/form><\/div>  <!-- .wpforms-container -->\t\t\t\t<\/div>\n\t\t\t\t<\/div>\n\t\t\t\t\t<\/div>\n\t\t<\/div>\n\t\t\t\t\t<\/div>\n\t\t<\/section>\n\t\t\t\t<\/div>\n\t\t","protected":false},"excerpt":{"rendered":"<p>Kerstin Juratha \u00a0 Ern\u00e4hrungscoaching &amp; Darmfachberatung \u00a0 Tel +49 (89) 63852550 &#8211; Mobil +49 (171) 371 85 85\u00a0 digest@juratha.de \u00a0 Ich berate Sie gerne in der Praxis f\u00fcr Naturheilkunde und Physiotherapie von Markus Einolf, Eversbuschstra\u00dfe 138, 80999 M\u00fcnchen. -&gt;\u00a0 www.markuseinolf.de Bitte aktiviere JavaScript in deinem Browser, um dieses Formular fertigzustellen.Bitte aktiviere JavaScript in deinem Browser, [&hellip;]<\/p>\n","protected":false},"author":1,"featured_media":0,"parent":0,"menu_order":0,"comment_status":"closed","ping_status":"closed","template":"","meta":{"ocean_post_layout":"full-width","ocean_both_sidebars_style":"","ocean_both_sidebars_content_width":0,"ocean_both_sidebars_sidebars_width":0,"ocean_sidebar":"0","ocean_second_sidebar":"0","ocean_disable_margins":"enable","ocean_add_body_class":"","ocean_shortcode_before_top_bar":"","ocean_shortcode_after_top_bar":"","ocean_shortcode_before_header":"","ocean_shortcode_after_header":"","ocean_has_shortcode":"","ocean_shortcode_after_title":"","ocean_shortcode_before_footer_widgets":"","ocean_shortcode_after_footer_widgets":"","ocean_shortcode_before_footer_bottom":"","ocean_shortcode_after_footer_bottom":"","ocean_display_top_bar":"default","ocean_display_header":"default","ocean_header_style":"","ocean_center_header_left_menu":"0","ocean_custom_header_template":"0","ocean_custom_logo":0,"ocean_custom_retina_logo":0,"ocean_custom_logo_max_width":0,"ocean_custom_logo_tablet_max_width":0,"ocean_custom_logo_mobile_max_width":0,"ocean_custom_logo_max_height":0,"ocean_custom_logo_tablet_max_height":0,"ocean_custom_logo_mobile_max_height":0,"ocean_header_custom_menu":"0","ocean_menu_typo_font_family":"0","ocean_menu_typo_font_subset":"","ocean_menu_typo_font_size":0,"ocean_menu_typo_font_size_tablet":0,"ocean_menu_typo_font_size_mobile":0,"ocean_menu_typo_font_size_unit":"px","ocean_menu_typo_font_weight":"","ocean_menu_typo_font_weight_tablet":"","ocean_menu_typo_font_weight_mobile":"","ocean_menu_typo_transform":"","ocean_menu_typo_transform_tablet":"","ocean_menu_typo_transform_mobile":"","ocean_menu_typo_line_height":0,"ocean_menu_typo_line_height_tablet":0,"ocean_menu_typo_line_height_mobile":0,"ocean_menu_typo_line_height_unit":"","ocean_menu_typo_spacing":0,"ocean_menu_typo_spacing_tablet":0,"ocean_menu_typo_spacing_mobile":0,"ocean_menu_typo_spacing_unit":"","ocean_menu_link_color":"","ocean_menu_link_color_hover":"","ocean_menu_link_color_active":"","ocean_menu_link_background":"","ocean_menu_link_hover_background":"","ocean_menu_link_active_background":"","ocean_menu_social_links_bg":"","ocean_menu_social_hover_links_bg":"","ocean_menu_social_links_color":"","ocean_menu_social_hover_links_color":"","ocean_disable_title":"default","ocean_disable_heading":"default","ocean_post_title":"","ocean_post_subheading":"","ocean_post_title_style":"","ocean_post_title_background_color":"","ocean_post_title_background":0,"ocean_post_title_bg_image_position":"","ocean_post_title_bg_image_attachment":"","ocean_post_title_bg_image_repeat":"","ocean_post_title_bg_image_size":"","ocean_post_title_height":0,"ocean_post_title_bg_overlay":0.5,"ocean_post_title_bg_overlay_color":"","ocean_disable_breadcrumbs":"default","ocean_breadcrumbs_color":"","ocean_breadcrumbs_separator_color":"","ocean_breadcrumbs_links_color":"","ocean_breadcrumbs_links_hover_color":"","ocean_display_footer_widgets":"default","ocean_display_footer_bottom":"default","ocean_custom_footer_template":"0","footnotes":""},"class_list":["post-859","page","type-page","status-publish","hentry","entry"],"_links":{"self":[{"href":"https:\/\/xn--digest-ernhrungsberatung-zbc.de\/index.php?rest_route=\/wp\/v2\/pages\/859","targetHints":{"allow":["GET"]}}],"collection":[{"href":"https:\/\/xn--digest-ernhrungsberatung-zbc.de\/index.php?rest_route=\/wp\/v2\/pages"}],"about":[{"href":"https:\/\/xn--digest-ernhrungsberatung-zbc.de\/index.php?rest_route=\/wp\/v2\/types\/page"}],"author":[{"embeddable":true,"href":"https:\/\/xn--digest-ernhrungsberatung-zbc.de\/index.php?rest_route=\/wp\/v2\/users\/1"}],"replies":[{"embeddable":true,"href":"https:\/\/xn--digest-ernhrungsberatung-zbc.de\/index.php?rest_route=%2Fwp%2Fv2%2Fcomments&post=859"}],"version-history":[{"count":22,"href":"https:\/\/xn--digest-ernhrungsberatung-zbc.de\/index.php?rest_route=\/wp\/v2\/pages\/859\/revisions"}],"predecessor-version":[{"id":1486,"href":"https:\/\/xn--digest-ernhrungsberatung-zbc.de\/index.php?rest_route=\/wp\/v2\/pages\/859\/revisions\/1486"}],"wp:attachment":[{"href":"https:\/\/xn--digest-ernhrungsberatung-zbc.de\/index.php?rest_route=%2Fwp%2Fv2%2Fmedia&parent=859"}],"curies":[{"name":"wp","href":"https:\/\/api.w.org\/{rel}","templated":true}]}}